{"id":10775,"date":"2022-06-20T12:04:05","date_gmt":"2022-06-20T12:04:05","guid":{"rendered":"https:\/\/coopmourabarrancos.com\/values\/"},"modified":"2024-06-06T21:32:23","modified_gmt":"2024-06-06T21:32:23","slug":"values","status":"publish","type":"page","link":"https:\/\/coopmourabarrancos.com\/en\/values\/","title":{"rendered":"Values"},"content":{"rendered":"\t\t<div data-elementor-type=\"wp-page\" data-elementor-id=\"10775\" class=\"elementor elementor-10775 elementor-8883\">\n\t\t\t\t\t\t<section class=\"wd-negative-gap elementor-section elementor-top-section elementor-element elementor-element-445a9f2 wd-section-stretch elementor-section-boxed elementor-section-height-default elementor-section-height-default\" data-id=\"445a9f2\" data-element_type=\"section\" data-settings=\"{&quot;background_background&quot;:&quot;classic&quot;}\">\n\t\t\t\t\t\t<div class=\"elementor-container elementor-column-gap-default\">\n\t\t\t\t\t<div class=\"elementor-column elementor-col-100 elementor-top-column elementor-element elementor-element-060fe7a\" data-id=\"060fe7a\" data-element_type=\"column\">\n\t\t\t<div class=\"elementor-widget-wrap elementor-element-populated\">\n\t\t\t\t\t\t<div class=\"elementor-element elementor-element-7c3ddc8 elementor-widget elementor-widget-heading\" data-id=\"7c3ddc8\" data-element_type=\"widget\" data-widget_type=\"heading.default\">\n\t\t\t\t<div class=\"elementor-widget-container\">\n\t\t\t<style>\/*! elementor - v3.22.0 - 17-06-2024 *\/\n.elementor-heading-title{padding:0;margin:0;line-height:1}.elementor-widget-heading .elementor-heading-title[class*=elementor-size-]>a{color:inherit;font-size:inherit;line-height:inherit}.elementor-widget-heading .elementor-heading-title.elementor-size-small{font-size:15px}.elementor-widget-heading .elementor-heading-title.elementor-size-medium{font-size:19px}.elementor-widget-heading .elementor-heading-title.elementor-size-large{font-size:29px}.elementor-widget-heading .elementor-heading-title.elementor-size-xl{font-size:39px}.elementor-widget-heading .elementor-heading-title.elementor-size-xxl{font-size:59px}<\/style><div class=\"elementor-heading-title elementor-size-default\">Values<\/div>\t\t<\/div>\n\t\t\t\t<\/div>\n\t\t\t\t<div class=\"elementor-element elementor-element-80a30b2 elementor-absolute elementor-widget elementor-widget-heading\" data-id=\"80a30b2\" data-element_type=\"widget\" data-settings=\"{&quot;_position&quot;:&quot;absolute&quot;}\" data-widget_type=\"heading.default\">\n\t\t\t\t<div class=\"elementor-widget-container\">\n\t\t\t<h1 class=\"elementor-heading-title elementor-size-default\">Values<\/h1>\t\t<\/div>\n\t\t\t\t<\/div>\n\t\t\t\t\t<\/div>\n\t\t<\/div>\n\t\t\t\t\t<\/div>\n\t\t<\/section>\n\t\t\t\t<section class=\"wd-negative-gap elementor-section elementor-top-section elementor-element elementor-element-6e8acce elementor-section-boxed elementor-section-height-default elementor-section-height-default\" data-id=\"6e8acce\" data-element_type=\"section\">\n\t\t\t\t\t\t<div class=\"elementor-container elementor-column-gap-default\">\n\t\t\t\t\t<div class=\"elementor-column elementor-col-100 elementor-top-column elementor-element elementor-element-10c309e\" data-id=\"10c309e\" data-element_type=\"column\">\n\t\t\t<div class=\"elementor-widget-wrap elementor-element-populated\">\n\t\t\t\t\t\t<div class=\"elementor-element elementor-element-104530a elementor-widget elementor-widget-wd_text_block\" data-id=\"104530a\" data-element_type=\"widget\" data-widget_type=\"wd_text_block.default\">\n\t\t\t\t<div class=\"elementor-widget-container\">\n\t\t\t\t\t<div class=\"wd-text-block reset-last-child text-left\">\n\t\t\t\n\t\t\t<p>The Cooperativa Agr\u00edcola de Moura e Barrancos is governed by the values that are at its origin and that sustain its continuity:<\/p>\n\t\t\t\t\t<\/div>\n\t\t\t\t<\/div>\n\t\t\t\t<\/div>\n\t\t\t\t<div class=\"elementor-element elementor-element-75bc52a elementor-widget elementor-widget-wd_text_block\" data-id=\"75bc52a\" data-element_type=\"widget\" data-widget_type=\"wd_text_block.default\">\n\t\t\t\t<div class=\"elementor-widget-container\">\n\t\t\t\t\t<div class=\"wd-text-block reset-last-child text-left color-primary\">\n\t\t\t\n\t\t\t<ul><li><strong>Tradition<\/strong><\/li><\/ul><p>We are guardians of the national olive oil, cultural and environmental heritage. From purely family farms to large-scale corporate farms, from centuries-old traditional olive groves to modern olive groves, we rely on the ancestral knowledge of our olive growers and employees to bring you the best and purest olive oil: Azeite de Moura.<\/p><ul><li><strong>Genuineness<\/strong><\/li><\/ul><p>It is in the origin that we distinguish ourselves. We have inherited centuries-old olive trees and the art of obtaining the best olive juice, and we are committed to innovation and technology, from the field to the mill, to guarantee the best quality. Our olive oil is produced exclusively in the region of Moura and Barrancos, from the olive groves of our partners.<\/p><ul><li><strong>Dedication<\/strong><\/li><\/ul><p>We are the largest olive oil production cooperative in Portugal, with 4,000 members, 1,300 of whom are olive growers. We extract our olive oils in one of the most modern mills in the country, taking great care to obtain the best olive juice. Our employees ensure that the entire production process - from the mill to the packaging - bears the Cooperativa de Moura seal of quality.<\/p><ul><li><strong>Confidence<\/strong><\/li><\/ul><p>Azeite de Moura was the first olive oil with a Protected Designation of Origin in Portugal. The quality of the production is recognized nationally and internationally, with awards including the Gold Medal in the prestigious Mario Solinas competition, the Flavour of the Year award, the Gold Medal in the NYIOOC World Olive Oil Competition and hundreds of medals in national competitions.<\/p>\n\t\t\t\t\t<\/div>\n\t\t\t\t<\/div>\n\t\t\t\t<\/div>\n\t\t\t\t\t<\/div>\n\t\t<\/div>\n\t\t\t\t\t<\/div>\n\t\t<\/section>\n\t\t\t\t<\/div>\n\t\t","protected":false},"excerpt":{"rendered":"<p>Values Values The Cooperativa Agr\u00edcola de Moura e Barrancos is governed by the values that are at its origin and<\/p>\n","protected":false},"author":1,"featured_media":0,"parent":0,"menu_order":0,"comment_status":"closed","ping_status":"closed","template":"","meta":{"footnotes":""},"class_list":["post-10775","page","type-page","status-publish","hentry"],"yoast_head":"<!-- This site is optimized with the Yoast SEO plugin v22.9 - https:\/\/yoast.com\/wordpress\/plugins\/seo\/ -->\n<title>Values - Cooperativa Moura Barrancos<\/title>\n<meta name=\"robots\" content=\"index, follow, max-snippet:-1, max-image-preview:large, max-video-preview:-1\" \/>\n<link rel=\"canonical\" href=\"https:\/\/coopmourabarrancos.com\/en\/values\/\" \/>\n<meta property=\"og:locale\" content=\"en_US\" \/>\n<meta property=\"og:type\" content=\"article\" \/>\n<meta property=\"og:title\" content=\"Values - Cooperativa Moura Barrancos\" \/>\n<meta property=\"og:description\" content=\"Values Values The Cooperativa Agr\u00edcola de Moura e Barrancos is governed by the values that are at its origin and\" \/>\n<meta property=\"og:url\" content=\"https:\/\/coopmourabarrancos.com\/en\/values\/\" \/>\n<meta property=\"og:site_name\" content=\"Cooperativa Moura Barrancos\" \/>\n<meta property=\"article:publisher\" content=\"https:\/\/www.facebook.com\/coopmourabarrancos\" \/>\n<meta property=\"article:modified_time\" content=\"2024-06-06T21:32:23+00:00\" \/>\n<meta property=\"og:image\" content=\"https:\/\/coopmourabarrancos.com\/wp-content\/uploads\/2024\/06\/banner-cooperativa-moura-barrancos.png\" \/>\n\t<meta property=\"og:image:width\" content=\"1200\" \/>\n\t<meta property=\"og:image:height\" content=\"675\" \/>\n\t<meta property=\"og:image:type\" content=\"image\/png\" \/>\n<meta name=\"twitter:card\" content=\"summary_large_image\" \/>\n<meta name=\"twitter:label1\" content=\"Est. reading time\" \/>\n\t<meta name=\"twitter:data1\" content=\"2 minutes\" \/>\n<script type=\"application\/ld+json\" class=\"yoast-schema-graph\">{\"@context\":\"https:\/\/schema.org\",\"@graph\":[{\"@type\":\"WebPage\",\"@id\":\"https:\/\/coopmourabarrancos.com\/en\/values\/\",\"url\":\"https:\/\/coopmourabarrancos.com\/en\/values\/\",\"name\":\"Values - Cooperativa Moura Barrancos\",\"isPartOf\":{\"@id\":\"https:\/\/coopmourabarrancos.com\/#website\"},\"datePublished\":\"2022-06-20T12:04:05+00:00\",\"dateModified\":\"2024-06-06T21:32:23+00:00\",\"breadcrumb\":{\"@id\":\"https:\/\/coopmourabarrancos.com\/en\/values\/#breadcrumb\"},\"inLanguage\":\"en-US\",\"potentialAction\":[{\"@type\":\"ReadAction\",\"target\":[\"https:\/\/coopmourabarrancos.com\/en\/values\/\"]}]},{\"@type\":\"BreadcrumbList\",\"@id\":\"https:\/\/coopmourabarrancos.com\/en\/values\/#breadcrumb\",\"itemListElement\":[{\"@type\":\"ListItem\",\"position\":1,\"name\":\"In\u00edcio\",\"item\":\"https:\/\/coopmourabarrancos.com\/en\/\"},{\"@type\":\"ListItem\",\"position\":2,\"name\":\"Values\"}]},{\"@type\":\"WebSite\",\"@id\":\"https:\/\/coopmourabarrancos.com\/#website\",\"url\":\"https:\/\/coopmourabarrancos.com\/\",\"name\":\"Cooperativa Agr\u00edcola de Moura e Barrancos\",\"description\":\"A Cooperativa Agr\u00edcola de Moura e Barrancos foi fundada em 1954, com a principal miss\u00e3o de dar resposta competitiva \u00e0s produ\u00e7\u00f5es de azeitona dos seus fundadores.\",\"publisher\":{\"@id\":\"https:\/\/coopmourabarrancos.com\/#organization\"},\"alternateName\":\"Cooperativa Moura Barrancos\",\"potentialAction\":[{\"@type\":\"SearchAction\",\"target\":{\"@type\":\"EntryPoint\",\"urlTemplate\":\"https:\/\/coopmourabarrancos.com\/?s={search_term_string}\"},\"query-input\":\"required name=search_term_string\"}],\"inLanguage\":\"en-US\"},{\"@type\":\"Organization\",\"@id\":\"https:\/\/coopmourabarrancos.com\/#organization\",\"name\":\"Cooperativa Agr\u00edcola de Moura e Barrancos\",\"alternateName\":\"Cooperativa Moura Barrancos\",\"url\":\"https:\/\/coopmourabarrancos.com\/\",\"logo\":{\"@type\":\"ImageObject\",\"inLanguage\":\"en-US\",\"@id\":\"https:\/\/coopmourabarrancos.com\/#\/schema\/logo\/image\/\",\"url\":\"https:\/\/dev.coopmourabarrancos.com\/wp-content\/uploads\/2021\/10\/Logo-CMB-03.png\",\"contentUrl\":\"https:\/\/dev.coopmourabarrancos.com\/wp-content\/uploads\/2021\/10\/Logo-CMB-03.png\",\"width\":334,\"height\":280,\"caption\":\"Cooperativa Agr\u00edcola de Moura e Barrancos\"},\"image\":{\"@id\":\"https:\/\/coopmourabarrancos.com\/#\/schema\/logo\/image\/\"},\"sameAs\":[\"https:\/\/www.facebook.com\/coopmourabarrancos\",\"https:\/\/www.linkedin.com\/company\/camb\/\",\"https:\/\/www.youtube.com\/@CoopMouraBarrancos\",\"https:\/\/www.instagram.com\/cooperativamourabarrancos\/\"]}]}<\/script>\n<!-- \/ Yoast SEO plugin. -->","yoast_head_json":{"title":"Values - Cooperativa Moura Barrancos","robots":{"index":"index","follow":"follow","max-snippet":"max-snippet:-1","max-image-preview":"max-image-preview:large","max-video-preview":"max-video-preview:-1"},"canonical":"https:\/\/coopmourabarrancos.com\/en\/values\/","og_locale":"en_US","og_type":"article","og_title":"Values - Cooperativa Moura Barrancos","og_description":"Values Values The Cooperativa Agr\u00edcola de Moura e Barrancos is governed by the values that are at its origin and","og_url":"https:\/\/coopmourabarrancos.com\/en\/values\/","og_site_name":"Cooperativa Moura Barrancos","article_publisher":"https:\/\/www.facebook.com\/coopmourabarrancos","article_modified_time":"2024-06-06T21:32:23+00:00","og_image":[{"width":1200,"height":675,"url":"https:\/\/coopmourabarrancos.com\/wp-content\/uploads\/2024\/06\/banner-cooperativa-moura-barrancos.png","type":"image\/png"}],"twitter_card":"summary_large_image","twitter_misc":{"Est. reading time":"2 minutes"},"schema":{"@context":"https:\/\/schema.org","@graph":[{"@type":"WebPage","@id":"https:\/\/coopmourabarrancos.com\/en\/values\/","url":"https:\/\/coopmourabarrancos.com\/en\/values\/","name":"Values - Cooperativa Moura Barrancos","isPartOf":{"@id":"https:\/\/coopmourabarrancos.com\/#website"},"datePublished":"2022-06-20T12:04:05+00:00","dateModified":"2024-06-06T21:32:23+00:00","breadcrumb":{"@id":"https:\/\/coopmourabarrancos.com\/en\/values\/#breadcrumb"},"inLanguage":"en-US","potentialAction":[{"@type":"ReadAction","target":["https:\/\/coopmourabarrancos.com\/en\/values\/"]}]},{"@type":"BreadcrumbList","@id":"https:\/\/coopmourabarrancos.com\/en\/values\/#breadcrumb","itemListElement":[{"@type":"ListItem","position":1,"name":"In\u00edcio","item":"https:\/\/coopmourabarrancos.com\/en\/"},{"@type":"ListItem","position":2,"name":"Values"}]},{"@type":"WebSite","@id":"https:\/\/coopmourabarrancos.com\/#website","url":"https:\/\/coopmourabarrancos.com\/","name":"Cooperativa Agr\u00edcola de Moura e Barrancos","description":"A Cooperativa Agr\u00edcola de Moura e Barrancos foi fundada em 1954, com a principal miss\u00e3o de dar resposta competitiva \u00e0s produ\u00e7\u00f5es de azeitona dos seus fundadores.","publisher":{"@id":"https:\/\/coopmourabarrancos.com\/#organization"},"alternateName":"Cooperativa Moura Barrancos","potentialAction":[{"@type":"SearchAction","target":{"@type":"EntryPoint","urlTemplate":"https:\/\/coopmourabarrancos.com\/?s={search_term_string}"},"query-input":"required name=search_term_string"}],"inLanguage":"en-US"},{"@type":"Organization","@id":"https:\/\/coopmourabarrancos.com\/#organization","name":"Cooperativa Agr\u00edcola de Moura e Barrancos","alternateName":"Cooperativa Moura Barrancos","url":"https:\/\/coopmourabarrancos.com\/","logo":{"@type":"ImageObject","inLanguage":"en-US","@id":"https:\/\/coopmourabarrancos.com\/#\/schema\/logo\/image\/","url":"https:\/\/dev.coopmourabarrancos.com\/wp-content\/uploads\/2021\/10\/Logo-CMB-03.png","contentUrl":"https:\/\/dev.coopmourabarrancos.com\/wp-content\/uploads\/2021\/10\/Logo-CMB-03.png","width":334,"height":280,"caption":"Cooperativa Agr\u00edcola de Moura e Barrancos"},"image":{"@id":"https:\/\/coopmourabarrancos.com\/#\/schema\/logo\/image\/"},"sameAs":["https:\/\/www.facebook.com\/coopmourabarrancos","https:\/\/www.linkedin.com\/company\/camb\/","https:\/\/www.youtube.com\/@CoopMouraBarrancos","https:\/\/www.instagram.com\/cooperativamourabarrancos\/"]}]}},"_links":{"self":[{"href":"https:\/\/coopmourabarrancos.com\/en\/wp-json\/wp\/v2\/pages\/10775","targetHints":{"allow":["GET"]}}],"collection":[{"href":"https:\/\/coopmourabarrancos.com\/en\/wp-json\/wp\/v2\/pages"}],"about":[{"href":"https:\/\/coopmourabarrancos.com\/en\/wp-json\/wp\/v2\/types\/page"}],"author":[{"embeddable":true,"href":"https:\/\/coopmourabarrancos.com\/en\/wp-json\/wp\/v2\/users\/1"}],"replies":[{"embeddable":true,"href":"https:\/\/coopmourabarrancos.com\/en\/wp-json\/wp\/v2\/comments?post=10775"}],"version-history":[{"count":0,"href":"https:\/\/coopmourabarrancos.com\/en\/wp-json\/wp\/v2\/pages\/10775\/revisions"}],"wp:attachment":[{"href":"https:\/\/coopmourabarrancos.com\/en\/wp-json\/wp\/v2\/media?parent=10775"}],"curies":[{"name":"wp","href":"https:\/\/api.w.org\/{rel}","templated":true}]}}