{"id":10742,"date":"2023-07-07T10:00:50","date_gmt":"2023-07-07T10:00:50","guid":{"rendered":"https:\/\/coopmourabarrancos.com\/interview-rui-almeida\/"},"modified":"2024-06-06T19:00:28","modified_gmt":"2024-06-06T19:00:28","slug":"interview-rui-almeida","status":"publish","type":"page","link":"https:\/\/coopmourabarrancos.com\/en\/interview-rui-almeida\/","title":{"rendered":"Interview | Rui Almeida"},"content":{"rendered":"\t\t<div data-elementor-type=\"wp-page\" data-elementor-id=\"10742\" class=\"elementor elementor-10742 elementor-10448\">\n\t\t\t\t\t\t<section class=\"elementor-section elementor-top-section elementor-element elementor-element-8dab199 elementor-section-full_width wd-section-stretch elementor-section-height-default elementor-section-height-default\" data-id=\"8dab199\" data-element_type=\"section\" data-settings=\"{&quot;background_background&quot;:&quot;classic&quot;}\">\n\t\t\t\t\t\t<div class=\"elementor-container elementor-column-gap-default\">\n\t\t\t\t\t<div class=\"elementor-column elementor-col-100 elementor-top-column elementor-element elementor-element-11a2d89\" data-id=\"11a2d89\" data-element_type=\"column\">\n\t\t\t<div class=\"elementor-widget-wrap elementor-element-populated\">\n\t\t\t\t\t\t<div class=\"elementor-element elementor-element-4ca8b09 elementor-widget elementor-widget-heading\" data-id=\"4ca8b09\" data-element_type=\"widget\" data-widget_type=\"heading.default\">\n\t\t\t\t<div class=\"elementor-widget-container\">\n\t\t\t<style>\/*! elementor - v3.22.0 - 17-06-2024 *\/\n.elementor-heading-title{padding:0;margin:0;line-height:1}.elementor-widget-heading .elementor-heading-title[class*=elementor-size-]>a{color:inherit;font-size:inherit;line-height:inherit}.elementor-widget-heading .elementor-heading-title.elementor-size-small{font-size:15px}.elementor-widget-heading .elementor-heading-title.elementor-size-medium{font-size:19px}.elementor-widget-heading .elementor-heading-title.elementor-size-large{font-size:29px}.elementor-widget-heading .elementor-heading-title.elementor-size-xl{font-size:39px}.elementor-widget-heading .elementor-heading-title.elementor-size-xxl{font-size:59px}<\/style><h1 class=\"elementor-heading-title elementor-size-default\">Interviews<\/h1>\t\t<\/div>\n\t\t\t\t<\/div>\n\t\t\t\t\t<\/div>\n\t\t<\/div>\n\t\t\t\t\t<\/div>\n\t\t<\/section>\n\t\t\t\t<section class=\"wd-negative-gap elementor-section elementor-top-section elementor-element elementor-element-77dbff0 elementor-section-boxed elementor-section-height-default elementor-section-height-default\" data-id=\"77dbff0\" data-element_type=\"section\">\n\t\t\t\t\t\t<div class=\"elementor-container elementor-column-gap-default\">\n\t\t\t\t\t<div class=\"elementor-column elementor-col-100 elementor-top-column elementor-element elementor-element-7a7b388\" data-id=\"7a7b388\" data-element_type=\"column\">\n\t\t\t<div class=\"elementor-widget-wrap elementor-element-populated\">\n\t\t\t\t\t\t<div class=\"elementor-element elementor-element-1b108eb wd-width-100 elementor-widget elementor-widget-wd_title\" data-id=\"1b108eb\" data-element_type=\"widget\" data-widget_type=\"wd_title.default\">\n\t\t\t\t<div class=\"elementor-widget-container\">\n\t\t\t\t\t<div class=\"title-wrapper set-mb-s reset-last-child wd-title-color-default wd-title-style-default wd-title-size-default text-center\">\n\n\t\t\t\n\t\t\t<div class=\"liner-continer\">\n\t\t\t\t<h4 class=\"woodmart-title-container title wd-fontsize-l\">Rui Almeida<\/h4> \n\t\t\t\t\t\t\t<\/div>\n\n\t\t\t\t\t<\/div>\n\t\t\t\t<\/div>\n\t\t\t\t<\/div>\n\t\t\t\t\t<\/div>\n\t\t<\/div>\n\t\t\t\t\t<\/div>\n\t\t<\/section>\n\t\t\t\t<section class=\"wd-negative-gap elementor-section elementor-top-section elementor-element elementor-element-bc9df0c elementor-section-boxed elementor-section-height-default elementor-section-height-default\" data-id=\"bc9df0c\" data-element_type=\"section\">\n\t\t\t\t\t\t<div class=\"elementor-container elementor-column-gap-default\">\n\t\t\t\t\t<div class=\"elementor-column elementor-col-100 elementor-top-column elementor-element elementor-element-83e114e\" data-id=\"83e114e\" data-element_type=\"column\">\n\t\t\t<div class=\"elementor-widget-wrap elementor-element-populated\">\n\t\t\t\t\t\t<div class=\"elementor-element elementor-element-e07342b elementor-widget elementor-widget-wd_image_or_svg\" data-id=\"e07342b\" data-element_type=\"widget\" data-widget_type=\"wd_image_or_svg.default\">\n\t\t\t\t<div class=\"elementor-widget-container\">\n\t\t\t\n\t\t<div class=\"wd-image text-center\">\n\t\t\t\t\t\t\t\t<img fetchpriority=\"high\" decoding=\"async\" width=\"600\" height=\"400\" src=\"https:\/\/coopmourabarrancos.com\/wp-content\/uploads\/2023\/07\/Design-sem-nome-46.png\" class=\"attachment-full size-full\" alt=\"\" srcset=\"https:\/\/coopmourabarrancos.com\/wp-content\/uploads\/2023\/07\/Design-sem-nome-46.png 600w, https:\/\/coopmourabarrancos.com\/wp-content\/uploads\/2023\/07\/Design-sem-nome-46-400x267.png 400w, https:\/\/coopmourabarrancos.com\/wp-content\/uploads\/2023\/07\/Design-sem-nome-46-430x287.png 430w, https:\/\/coopmourabarrancos.com\/wp-content\/uploads\/2023\/07\/Design-sem-nome-46-150x100.png 150w\" sizes=\"(max-width: 600px) 100vw, 600px\" \/>\t\t\t\t\t<\/div>\n\n\t\t\t\t<\/div>\n\t\t\t\t<\/div>\n\t\t\t\t\t<\/div>\n\t\t<\/div>\n\t\t\t\t\t<\/div>\n\t\t<\/section>\n\t\t\t\t<section class=\"wd-negative-gap elementor-section elementor-top-section elementor-element elementor-element-fb31124 elementor-section-boxed elementor-section-height-default elementor-section-height-default\" data-id=\"fb31124\" data-element_type=\"section\">\n\t\t\t\t\t\t<div class=\"elementor-container elementor-column-gap-default\">\n\t\t\t\t\t<div class=\"elementor-column elementor-col-100 elementor-top-column elementor-element elementor-element-61d63d4\" data-id=\"61d63d4\" data-element_type=\"column\">\n\t\t\t<div class=\"elementor-widget-wrap elementor-element-populated\">\n\t\t\t\t\t\t<div class=\"elementor-element elementor-element-9b03a87 elementor-widget elementor-widget-wd_text_block\" data-id=\"9b03a87\" data-element_type=\"widget\" data-widget_type=\"wd_text_block.default\">\n\t\t\t\t<div class=\"elementor-widget-container\">\n\t\t\t\t\t<div class=\"wd-text-block reset-last-child text-left\">\n\t\t\t\n\t\t\t<p>Rui Almeida, 51, says he's always been an olive grower: \"My father was a farmer and at school I already wanted to be a farmer. Against everything and everyone, I succeeded. They wanted me to follow other paths, times were different.<\/p><p>I have an 18-year-old son. He's finishing 12th grade and wants to study agriculture, and he'd be welcome to do so, because as well as being good for me, I don't think agriculture is as despicable as many people considered it to be at one time. Today, being a farmer puts us on a very high level. I remember olive trees all my life, even if it was just the one I had in my backyard.\"<\/p><p> <\/p><p>At the moment he works with olive growing, vineyards and livestock. He is a member of two cooperatives, one for grapes and the other for olives. \"We have to hold on to the cooperatives tooth and nail, because if it weren't for the cooperatives we wouldn't be what we are today and everything that surrounds us.\" He says that in a highly competitive environment, private agro-industries are waiting for cooperatives to set prices so that they can move forward. \"It's very easy to be on the market, but we have a point of reference, which is the cooperatives.\"<\/p><p>His main agricultural activity is olive growing: \"I started out with just traditional olive groves, but now I have three Alqueva catchments and so I've converted 50% of the traditional olive groves into intensive irrigated olive groves. The varieties I have are cobran\u00e7osa, picual, muita cordovil, galega and verdeal. I planted galegas four years ago and recently cobran\u00e7osa and picual. I'm happy with all the varieties, because the harvesting method is using the 'umbrella' and they all work very well and with little manpower, because it's very complicated to have large groups working, especially with this pandemic.\"<\/p><p>Despite everything, he claims to be more fond of a good wine than a good olive oil. \"If you give me olive oil in a lamb stew, I can't tell, but in an a\u00e7orda, dipping the bread in coriander, I can tell if the oil is good. The Cooperativa's olive oil has gained a very high status and on the supermarket shelf it's always at an advantage over other oils. In my house, I don't use any olive oil other than Moura, because if we don't push ourselves, others won't.\"<\/p><p>In his opinion, the difference between the Cooperative's olive oil is the fact that, while many varieties of olive oil are exclusively grown in intensive olive groves, the Cooperative has a large percentage of Galega, Verdeal and Cordovil oils, PDO oils, and this is undoubtedly a differentiating factor. \"It's no coincidence that Moura is a demarcated region for olive groves and Reguengos for wine. The ancients weren't stupid and if they started betting on olive groves here, it was because it was an area with specific characteristics.\"<\/p><p>\"We have to continue to be one of the first, not in production, but in quality. And we, the members, have to do our bit to make sure that this is the case, by doing what is asked of us and promoting our product.\"<\/p><p>He says he can't drink olive oil, but he can tell the difference and prefers the milder Galega oil. \"Who doesn't like dipping their bread in a\u00e7orda seasoning?\"<\/p><p>He concludes with the message: \"My father was already a member of the Cooperative, I have continued and have always been a defender and supporter of this house, in good times and bad. When necessary, I make constructive criticisms, considering that it is my duty to draw attention to trying to improve. This Cooperative nowadays, and this has been going on for a few years, settles its accounts in May, from olives delivered in February, and it must be the only one to do so. This is very important!\"<\/p>\n\t\t\t\t\t<\/div>\n\t\t\t\t<\/div>\n\t\t\t\t<\/div>\n\t\t\t\t\t<\/div>\n\t\t<\/div>\n\t\t\t\t\t<\/div>\n\t\t<\/section>\n\t\t\t\t<section class=\"wd-negative-gap elementor-section elementor-top-section elementor-element elementor-element-94c3bc5 elementor-section-boxed elementor-section-height-default elementor-section-height-default\" data-id=\"94c3bc5\" data-element_type=\"section\">\n\t\t\t\t\t\t<div class=\"elementor-container elementor-column-gap-default\">\n\t\t\t\t\t<div class=\"elementor-column elementor-col-100 elementor-top-column elementor-element elementor-element-4d3fe20\" data-id=\"4d3fe20\" data-element_type=\"column\">\n\t\t\t<div class=\"elementor-widget-wrap\">\n\t\t\t\t\t\t\t<\/div>\n\t\t<\/div>\n\t\t\t\t\t<\/div>\n\t\t<\/section>\n\t\t\t\t<\/div>\n\t\t","protected":false},"excerpt":{"rendered":"<p>Interviews Rui Almeida Rui Almeida, 51, says he&#8217;s always been an olive grower: &#8220;My father was a farmer and at<\/p>\n","protected":false},"author":13,"featured_media":0,"parent":0,"menu_order":0,"comment_status":"closed","ping_status":"closed","template":"","meta":{"footnotes":""},"class_list":["post-10742","page","type-page","status-publish","hentry"],"yoast_head":"<!-- This site is optimized with the Yoast SEO plugin v22.9 - https:\/\/yoast.com\/wordpress\/plugins\/seo\/ -->\n<title>Interview | Rui Almeida - Cooperativa Moura Barrancos<\/title>\n<meta name=\"robots\" content=\"index, follow, max-snippet:-1, max-image-preview:large, max-video-preview:-1\" \/>\n<link rel=\"canonical\" href=\"https:\/\/coopmourabarrancos.com\/en\/interview-rui-almeida\/\" \/>\n<meta property=\"og:locale\" content=\"en_US\" \/>\n<meta property=\"og:type\" content=\"article\" \/>\n<meta property=\"og:title\" content=\"Interview | Rui Almeida - Cooperativa Moura Barrancos\" \/>\n<meta property=\"og:description\" content=\"Interviews Rui Almeida Rui Almeida, 51, says he&#8217;s always been an olive grower: &#8220;My father was a farmer and at\" \/>\n<meta property=\"og:url\" content=\"https:\/\/coopmourabarrancos.com\/en\/interview-rui-almeida\/\" \/>\n<meta property=\"og:site_name\" content=\"Cooperativa Moura Barrancos\" \/>\n<meta property=\"article:publisher\" content=\"https:\/\/www.facebook.com\/coopmourabarrancos\" \/>\n<meta property=\"article:modified_time\" content=\"2024-06-06T19:00:28+00:00\" \/>\n<meta property=\"og:image\" content=\"https:\/\/coopmourabarrancos.com\/wp-content\/uploads\/2023\/07\/Design-sem-nome-46.png\" \/>\n<meta name=\"twitter:card\" content=\"summary_large_image\" \/>\n<meta name=\"twitter:label1\" content=\"Est. reading time\" \/>\n\t<meta name=\"twitter:data1\" content=\"4 minutes\" \/>\n<script type=\"application\/ld+json\" class=\"yoast-schema-graph\">{\"@context\":\"https:\/\/schema.org\",\"@graph\":[{\"@type\":\"WebPage\",\"@id\":\"https:\/\/coopmourabarrancos.com\/en\/interview-rui-almeida\/\",\"url\":\"https:\/\/coopmourabarrancos.com\/en\/interview-rui-almeida\/\",\"name\":\"Interview | Rui Almeida - Cooperativa Moura Barrancos\",\"isPartOf\":{\"@id\":\"https:\/\/coopmourabarrancos.com\/#website\"},\"primaryImageOfPage\":{\"@id\":\"https:\/\/coopmourabarrancos.com\/en\/interview-rui-almeida\/#primaryimage\"},\"image\":{\"@id\":\"https:\/\/coopmourabarrancos.com\/en\/interview-rui-almeida\/#primaryimage\"},\"thumbnailUrl\":\"https:\/\/coopmourabarrancos.com\/wp-content\/uploads\/2023\/07\/Design-sem-nome-46.png\",\"datePublished\":\"2023-07-07T10:00:50+00:00\",\"dateModified\":\"2024-06-06T19:00:28+00:00\",\"breadcrumb\":{\"@id\":\"https:\/\/coopmourabarrancos.com\/en\/interview-rui-almeida\/#breadcrumb\"},\"inLanguage\":\"en-US\",\"potentialAction\":[{\"@type\":\"ReadAction\",\"target\":[\"https:\/\/coopmourabarrancos.com\/en\/interview-rui-almeida\/\"]}]},{\"@type\":\"ImageObject\",\"inLanguage\":\"en-US\",\"@id\":\"https:\/\/coopmourabarrancos.com\/en\/interview-rui-almeida\/#primaryimage\",\"url\":\"https:\/\/coopmourabarrancos.com\/wp-content\/uploads\/2023\/07\/Design-sem-nome-46.png\",\"contentUrl\":\"https:\/\/coopmourabarrancos.com\/wp-content\/uploads\/2023\/07\/Design-sem-nome-46.png\"},{\"@type\":\"BreadcrumbList\",\"@id\":\"https:\/\/coopmourabarrancos.com\/en\/interview-rui-almeida\/#breadcrumb\",\"itemListElement\":[{\"@type\":\"ListItem\",\"position\":1,\"name\":\"In\u00edcio\",\"item\":\"https:\/\/coopmourabarrancos.com\/en\/\"},{\"@type\":\"ListItem\",\"position\":2,\"name\":\"Interview | Rui Almeida\"}]},{\"@type\":\"WebSite\",\"@id\":\"https:\/\/coopmourabarrancos.com\/#website\",\"url\":\"https:\/\/coopmourabarrancos.com\/\",\"name\":\"Cooperativa Agr\u00edcola de Moura e Barrancos\",\"description\":\"A Cooperativa Agr\u00edcola de Moura e Barrancos foi fundada em 1954, com a principal miss\u00e3o de dar resposta competitiva \u00e0s produ\u00e7\u00f5es de azeitona dos seus fundadores.\",\"publisher\":{\"@id\":\"https:\/\/coopmourabarrancos.com\/#organization\"},\"alternateName\":\"Cooperativa Moura Barrancos\",\"potentialAction\":[{\"@type\":\"SearchAction\",\"target\":{\"@type\":\"EntryPoint\",\"urlTemplate\":\"https:\/\/coopmourabarrancos.com\/?s={search_term_string}\"},\"query-input\":\"required name=search_term_string\"}],\"inLanguage\":\"en-US\"},{\"@type\":\"Organization\",\"@id\":\"https:\/\/coopmourabarrancos.com\/#organization\",\"name\":\"Cooperativa Agr\u00edcola de Moura e Barrancos\",\"alternateName\":\"Cooperativa Moura Barrancos\",\"url\":\"https:\/\/coopmourabarrancos.com\/\",\"logo\":{\"@type\":\"ImageObject\",\"inLanguage\":\"en-US\",\"@id\":\"https:\/\/coopmourabarrancos.com\/#\/schema\/logo\/image\/\",\"url\":\"https:\/\/dev.coopmourabarrancos.com\/wp-content\/uploads\/2021\/10\/Logo-CMB-03.png\",\"contentUrl\":\"https:\/\/dev.coopmourabarrancos.com\/wp-content\/uploads\/2021\/10\/Logo-CMB-03.png\",\"width\":334,\"height\":280,\"caption\":\"Cooperativa Agr\u00edcola de Moura e Barrancos\"},\"image\":{\"@id\":\"https:\/\/coopmourabarrancos.com\/#\/schema\/logo\/image\/\"},\"sameAs\":[\"https:\/\/www.facebook.com\/coopmourabarrancos\",\"https:\/\/www.linkedin.com\/company\/camb\/\",\"https:\/\/www.youtube.com\/@CoopMouraBarrancos\",\"https:\/\/www.instagram.com\/cooperativamourabarrancos\/\"]}]}<\/script>\n<!-- \/ Yoast SEO plugin. -->","yoast_head_json":{"title":"Interview | Rui Almeida - Cooperativa Moura Barrancos","robots":{"index":"index","follow":"follow","max-snippet":"max-snippet:-1","max-image-preview":"max-image-preview:large","max-video-preview":"max-video-preview:-1"},"canonical":"https:\/\/coopmourabarrancos.com\/en\/interview-rui-almeida\/","og_locale":"en_US","og_type":"article","og_title":"Interview | Rui Almeida - Cooperativa Moura Barrancos","og_description":"Interviews Rui Almeida Rui Almeida, 51, says he&#8217;s always been an olive grower: &#8220;My father was a farmer and at","og_url":"https:\/\/coopmourabarrancos.com\/en\/interview-rui-almeida\/","og_site_name":"Cooperativa Moura Barrancos","article_publisher":"https:\/\/www.facebook.com\/coopmourabarrancos","article_modified_time":"2024-06-06T19:00:28+00:00","og_image":[{"url":"https:\/\/coopmourabarrancos.com\/wp-content\/uploads\/2023\/07\/Design-sem-nome-46.png"}],"twitter_card":"summary_large_image","twitter_misc":{"Est. reading time":"4 minutes"},"schema":{"@context":"https:\/\/schema.org","@graph":[{"@type":"WebPage","@id":"https:\/\/coopmourabarrancos.com\/en\/interview-rui-almeida\/","url":"https:\/\/coopmourabarrancos.com\/en\/interview-rui-almeida\/","name":"Interview | Rui Almeida - Cooperativa Moura Barrancos","isPartOf":{"@id":"https:\/\/coopmourabarrancos.com\/#website"},"primaryImageOfPage":{"@id":"https:\/\/coopmourabarrancos.com\/en\/interview-rui-almeida\/#primaryimage"},"image":{"@id":"https:\/\/coopmourabarrancos.com\/en\/interview-rui-almeida\/#primaryimage"},"thumbnailUrl":"https:\/\/coopmourabarrancos.com\/wp-content\/uploads\/2023\/07\/Design-sem-nome-46.png","datePublished":"2023-07-07T10:00:50+00:00","dateModified":"2024-06-06T19:00:28+00:00","breadcrumb":{"@id":"https:\/\/coopmourabarrancos.com\/en\/interview-rui-almeida\/#breadcrumb"},"inLanguage":"en-US","potentialAction":[{"@type":"ReadAction","target":["https:\/\/coopmourabarrancos.com\/en\/interview-rui-almeida\/"]}]},{"@type":"ImageObject","inLanguage":"en-US","@id":"https:\/\/coopmourabarrancos.com\/en\/interview-rui-almeida\/#primaryimage","url":"https:\/\/coopmourabarrancos.com\/wp-content\/uploads\/2023\/07\/Design-sem-nome-46.png","contentUrl":"https:\/\/coopmourabarrancos.com\/wp-content\/uploads\/2023\/07\/Design-sem-nome-46.png"},{"@type":"BreadcrumbList","@id":"https:\/\/coopmourabarrancos.com\/en\/interview-rui-almeida\/#breadcrumb","itemListElement":[{"@type":"ListItem","position":1,"name":"In\u00edcio","item":"https:\/\/coopmourabarrancos.com\/en\/"},{"@type":"ListItem","position":2,"name":"Interview | Rui Almeida"}]},{"@type":"WebSite","@id":"https:\/\/coopmourabarrancos.com\/#website","url":"https:\/\/coopmourabarrancos.com\/","name":"Cooperativa Agr\u00edcola de Moura e Barrancos","description":"A Cooperativa Agr\u00edcola de Moura e Barrancos foi fundada em 1954, com a principal miss\u00e3o de dar resposta competitiva \u00e0s produ\u00e7\u00f5es de azeitona dos seus fundadores.","publisher":{"@id":"https:\/\/coopmourabarrancos.com\/#organization"},"alternateName":"Cooperativa Moura Barrancos","potentialAction":[{"@type":"SearchAction","target":{"@type":"EntryPoint","urlTemplate":"https:\/\/coopmourabarrancos.com\/?s={search_term_string}"},"query-input":"required name=search_term_string"}],"inLanguage":"en-US"},{"@type":"Organization","@id":"https:\/\/coopmourabarrancos.com\/#organization","name":"Cooperativa Agr\u00edcola de Moura e Barrancos","alternateName":"Cooperativa Moura Barrancos","url":"https:\/\/coopmourabarrancos.com\/","logo":{"@type":"ImageObject","inLanguage":"en-US","@id":"https:\/\/coopmourabarrancos.com\/#\/schema\/logo\/image\/","url":"https:\/\/dev.coopmourabarrancos.com\/wp-content\/uploads\/2021\/10\/Logo-CMB-03.png","contentUrl":"https:\/\/dev.coopmourabarrancos.com\/wp-content\/uploads\/2021\/10\/Logo-CMB-03.png","width":334,"height":280,"caption":"Cooperativa Agr\u00edcola de Moura e Barrancos"},"image":{"@id":"https:\/\/coopmourabarrancos.com\/#\/schema\/logo\/image\/"},"sameAs":["https:\/\/www.facebook.com\/coopmourabarrancos","https:\/\/www.linkedin.com\/company\/camb\/","https:\/\/www.youtube.com\/@CoopMouraBarrancos","https:\/\/www.instagram.com\/cooperativamourabarrancos\/"]}]}},"_links":{"self":[{"href":"https:\/\/coopmourabarrancos.com\/en\/wp-json\/wp\/v2\/pages\/10742","targetHints":{"allow":["GET"]}}],"collection":[{"href":"https:\/\/coopmourabarrancos.com\/en\/wp-json\/wp\/v2\/pages"}],"about":[{"href":"https:\/\/coopmourabarrancos.com\/en\/wp-json\/wp\/v2\/types\/page"}],"author":[{"embeddable":true,"href":"https:\/\/coopmourabarrancos.com\/en\/wp-json\/wp\/v2\/users\/13"}],"replies":[{"embeddable":true,"href":"https:\/\/coopmourabarrancos.com\/en\/wp-json\/wp\/v2\/comments?post=10742"}],"version-history":[{"count":0,"href":"https:\/\/coopmourabarrancos.com\/en\/wp-json\/wp\/v2\/pages\/10742\/revisions"}],"wp:attachment":[{"href":"https:\/\/coopmourabarrancos.com\/en\/wp-json\/wp\/v2\/media?parent=10742"}],"curies":[{"name":"wp","href":"https:\/\/api.w.org\/{rel}","templated":true}]}}