{"id":10740,"date":"2023-07-07T10:10:08","date_gmt":"2023-07-07T10:10:08","guid":{"rendered":"https:\/\/coopmourabarrancos.com\/interview-manuel-fialho\/"},"modified":"2024-06-06T18:59:42","modified_gmt":"2024-06-06T18:59:42","slug":"interview-manuel-fialho","status":"publish","type":"page","link":"https:\/\/coopmourabarrancos.com\/en\/interview-manuel-fialho\/","title":{"rendered":"Interview | Manuel Fialho"},"content":{"rendered":"\t\t<div data-elementor-type=\"wp-page\" data-elementor-id=\"10740\" class=\"elementor elementor-10740 elementor-10462\">\n\t\t\t\t\t\t<section class=\"elementor-section elementor-top-section elementor-element elementor-element-8dab199 elementor-section-full_width wd-section-stretch elementor-section-height-default elementor-section-height-default\" data-id=\"8dab199\" data-element_type=\"section\" data-settings=\"{&quot;background_background&quot;:&quot;classic&quot;}\">\n\t\t\t\t\t\t<div class=\"elementor-container elementor-column-gap-default\">\n\t\t\t\t\t<div class=\"elementor-column elementor-col-100 elementor-top-column elementor-element elementor-element-11a2d89\" data-id=\"11a2d89\" data-element_type=\"column\">\n\t\t\t<div class=\"elementor-widget-wrap elementor-element-populated\">\n\t\t\t\t\t\t<div class=\"elementor-element elementor-element-4ca8b09 elementor-widget elementor-widget-heading\" data-id=\"4ca8b09\" data-element_type=\"widget\" data-widget_type=\"heading.default\">\n\t\t\t\t<div class=\"elementor-widget-container\">\n\t\t\t<style>\/*! elementor - v3.22.0 - 17-06-2024 *\/\n.elementor-heading-title{padding:0;margin:0;line-height:1}.elementor-widget-heading .elementor-heading-title[class*=elementor-size-]>a{color:inherit;font-size:inherit;line-height:inherit}.elementor-widget-heading .elementor-heading-title.elementor-size-small{font-size:15px}.elementor-widget-heading .elementor-heading-title.elementor-size-medium{font-size:19px}.elementor-widget-heading .elementor-heading-title.elementor-size-large{font-size:29px}.elementor-widget-heading .elementor-heading-title.elementor-size-xl{font-size:39px}.elementor-widget-heading .elementor-heading-title.elementor-size-xxl{font-size:59px}<\/style><h1 class=\"elementor-heading-title elementor-size-default\">Interviews<\/h1>\t\t<\/div>\n\t\t\t\t<\/div>\n\t\t\t\t\t<\/div>\n\t\t<\/div>\n\t\t\t\t\t<\/div>\n\t\t<\/section>\n\t\t\t\t<section class=\"wd-negative-gap elementor-section elementor-top-section elementor-element elementor-element-77dbff0 elementor-section-boxed elementor-section-height-default elementor-section-height-default\" data-id=\"77dbff0\" data-element_type=\"section\">\n\t\t\t\t\t\t<div class=\"elementor-container elementor-column-gap-default\">\n\t\t\t\t\t<div class=\"elementor-column elementor-col-100 elementor-top-column elementor-element elementor-element-7a7b388\" data-id=\"7a7b388\" data-element_type=\"column\">\n\t\t\t<div class=\"elementor-widget-wrap elementor-element-populated\">\n\t\t\t\t\t\t<div class=\"elementor-element elementor-element-1b108eb wd-width-100 elementor-widget elementor-widget-wd_title\" data-id=\"1b108eb\" data-element_type=\"widget\" data-widget_type=\"wd_title.default\">\n\t\t\t\t<div class=\"elementor-widget-container\">\n\t\t\t\t\t<div class=\"title-wrapper set-mb-s reset-last-child wd-title-color-default wd-title-style-default wd-title-size-default text-center\">\n\n\t\t\t\n\t\t\t<div class=\"liner-continer\">\n\t\t\t\t<h4 class=\"woodmart-title-container title wd-fontsize-l\">Manuel Fialho  <\/h4> \n\t\t\t\t\t\t\t<\/div>\n\n\t\t\t\t\t<\/div>\n\t\t\t\t<\/div>\n\t\t\t\t<\/div>\n\t\t\t\t\t<\/div>\n\t\t<\/div>\n\t\t\t\t\t<\/div>\n\t\t<\/section>\n\t\t\t\t<section class=\"wd-negative-gap elementor-section elementor-top-section elementor-element elementor-element-bc9df0c elementor-section-boxed elementor-section-height-default elementor-section-height-default\" data-id=\"bc9df0c\" data-element_type=\"section\">\n\t\t\t\t\t\t<div class=\"elementor-container elementor-column-gap-default\">\n\t\t\t\t\t<div class=\"elementor-column elementor-col-100 elementor-top-column elementor-element elementor-element-83e114e\" data-id=\"83e114e\" data-element_type=\"column\">\n\t\t\t<div class=\"elementor-widget-wrap elementor-element-populated\">\n\t\t\t\t\t\t<div class=\"elementor-element elementor-element-e07342b elementor-widget elementor-widget-wd_image_or_svg\" data-id=\"e07342b\" data-element_type=\"widget\" data-widget_type=\"wd_image_or_svg.default\">\n\t\t\t\t<div class=\"elementor-widget-container\">\n\t\t\t\n\t\t<div class=\"wd-image text-center\">\n\t\t\t\t\t\t\t\t<img fetchpriority=\"high\" decoding=\"async\" width=\"600\" height=\"400\" src=\"https:\/\/coopmourabarrancos.com\/wp-content\/uploads\/2023\/07\/Design-sem-nome-48.png\" class=\"attachment-full size-full\" alt=\"\" srcset=\"https:\/\/coopmourabarrancos.com\/wp-content\/uploads\/2023\/07\/Design-sem-nome-48.png 600w, https:\/\/coopmourabarrancos.com\/wp-content\/uploads\/2023\/07\/Design-sem-nome-48-400x267.png 400w, https:\/\/coopmourabarrancos.com\/wp-content\/uploads\/2023\/07\/Design-sem-nome-48-430x287.png 430w, https:\/\/coopmourabarrancos.com\/wp-content\/uploads\/2023\/07\/Design-sem-nome-48-150x100.png 150w\" sizes=\"(max-width: 600px) 100vw, 600px\" \/>\t\t\t\t\t<\/div>\n\n\t\t\t\t<\/div>\n\t\t\t\t<\/div>\n\t\t\t\t\t<\/div>\n\t\t<\/div>\n\t\t\t\t\t<\/div>\n\t\t<\/section>\n\t\t\t\t<section class=\"wd-negative-gap elementor-section elementor-top-section elementor-element elementor-element-fb31124 elementor-section-boxed elementor-section-height-default elementor-section-height-default\" data-id=\"fb31124\" data-element_type=\"section\">\n\t\t\t\t\t\t<div class=\"elementor-container elementor-column-gap-default\">\n\t\t\t\t\t<div class=\"elementor-column elementor-col-100 elementor-top-column elementor-element elementor-element-61d63d4\" data-id=\"61d63d4\" data-element_type=\"column\">\n\t\t\t<div class=\"elementor-widget-wrap elementor-element-populated\">\n\t\t\t\t\t\t<div class=\"elementor-element elementor-element-9b03a87 elementor-widget elementor-widget-wd_text_block\" data-id=\"9b03a87\" data-element_type=\"widget\" data-widget_type=\"wd_text_block.default\">\n\t\t\t\t<div class=\"elementor-widget-container\">\n\t\t\t\t\t<div class=\"wd-text-block reset-last-child text-left\">\n\t\t\t\n\t\t\t<p>Manuel Mariano Ribeiro Fialho was born in Moura on September 25, 1942.<\/p><p>He has a degree in mechanical engineering and has held various management positions for more than four decades in Portugal and abroad, including Manager of the Cooperative between 1992 and 2012. Although he is not an olive grower, several of his immediate family members are, and they are members of the Cooperativa de Moura e Barrancos.<\/p><p>He began his responsibilities as Manager of the Cooperative at the beginning of 1992, when he returned from Brazil after several years' experience managing subsidiaries of multinational companies. Having served in the colonial war in Guinea, he recalls the importance of olive oil in that context: \"If you didn't give the troops cod cooked with potatoes and olive oil, you'd be in trouble!\".<\/p><p>That February 30 years ago, he confesses, his knowledge of the Cooperative's financial situation almost led him to decline an invitation from two great friends, Manuel de Brito and Jo\u00e3o Costa. He definitely decided to take on the challenge when he saw seven of his most dedicated partners, including the eldest, Mr. BES, get out of an old Peugeot van next to the BES headquarters in Lisbon. Joaquim Matado, the most optimistic of them all. He felt that there was a strength in that group to win, and he wanted to help solve the Cooperative's problems.<\/p><p>\"Manuel de Brito opened the doors,\" he recalls, \"and that's how they got to the Secretary of State for Agriculture and from him to his Finance colleague (who was much harder to convince).\" They immediately began to prepare all the necessary elements and, nine months later, \"the amount of money that allowed the Cooperative to breathe again\" entered the Cooperative's account.<\/p><p>\"But there was no end to the headaches: in fact, the Cooperative was paying for the olives badly and at bad times. The members had to be brought back. This was perhaps the most difficult effort, with meetings in Moura and in the villages.\" He believes that these meetings were fundamental in encouraging group spirit in the Cooperative.<\/p><p>He doesn't forget the almost meteoric path of the Cooperative's evolution since its formation, when he bought the Lagar from Sr. Vitor Guedes, where today there is a building materials warehouse. The Cooperative then acquired the olive press from Mr. Fernandes Costa and, finally, the mill of the Sociedade dos Azeites, owned by the Almod\u00f4var family. He believes that this was the most exciting time in the life of the Cooperative, but with one major drawback: \"The well-known step bigger than its legs. And it was a big one, exhausting all possibilities of access to credit.\" He recalls his conversations with Mr. Leonardo Matado, a dedicated cooperator, who made him see his inability to curb the momentum of successive investments.<\/p><p>He believes that the sector is currently in an increasingly competitive situation and knows that there is absolutely nothing more important for a cooperative like the one in Moura and Barrancos than to pay its members competitively as soon as possible. He also says that this is one of the elements of good management, and that \"it's good management that makes the difference\". Just as elements of good management are market information, well-executed planning, the associated logistics and the quality of the oil. He recalls that the \"Cordovil\" variety is an old passion.<\/p><p>\"I've been talking to you mainly about the industrial area, which was my area. But it's important to remember that on my toast in the morning, there's not a drop of butter. What's the point if we have such high quality olive oil?\"<\/p>\n\t\t\t\t\t<\/div>\n\t\t\t\t<\/div>\n\t\t\t\t<\/div>\n\t\t\t\t\t<\/div>\n\t\t<\/div>\n\t\t\t\t\t<\/div>\n\t\t<\/section>\n\t\t\t\t<section class=\"wd-negative-gap elementor-section elementor-top-section elementor-element elementor-element-94c3bc5 elementor-section-boxed elementor-section-height-default elementor-section-height-default\" data-id=\"94c3bc5\" data-element_type=\"section\">\n\t\t\t\t\t\t<div class=\"elementor-container elementor-column-gap-default\">\n\t\t\t\t\t<div class=\"elementor-column elementor-col-100 elementor-top-column elementor-element elementor-element-4d3fe20\" data-id=\"4d3fe20\" data-element_type=\"column\">\n\t\t\t<div class=\"elementor-widget-wrap\">\n\t\t\t\t\t\t\t<\/div>\n\t\t<\/div>\n\t\t\t\t\t<\/div>\n\t\t<\/section>\n\t\t\t\t<\/div>\n\t\t","protected":false},"excerpt":{"rendered":"<p>Interviews Manuel Fialho Manuel Mariano Ribeiro Fialho was born in Moura on September 25, 1942. He has a degree in<\/p>\n","protected":false},"author":13,"featured_media":0,"parent":0,"menu_order":0,"comment_status":"closed","ping_status":"closed","template":"","meta":{"footnotes":""},"class_list":["post-10740","page","type-page","status-publish","hentry"],"yoast_head":"<!-- This site is optimized with the Yoast SEO plugin v22.9 - https:\/\/yoast.com\/wordpress\/plugins\/seo\/ -->\n<title>Interview | Manuel Fialho - Cooperativa Moura Barrancos<\/title>\n<meta name=\"robots\" content=\"index, follow, max-snippet:-1, max-image-preview:large, max-video-preview:-1\" \/>\n<link rel=\"canonical\" href=\"https:\/\/coopmourabarrancos.com\/en\/interview-manuel-fialho\/\" \/>\n<meta property=\"og:locale\" content=\"en_US\" \/>\n<meta property=\"og:type\" content=\"article\" \/>\n<meta property=\"og:title\" content=\"Interview | Manuel Fialho - Cooperativa Moura Barrancos\" \/>\n<meta property=\"og:description\" content=\"Interviews Manuel Fialho Manuel Mariano Ribeiro Fialho was born in Moura on September 25, 1942. He has a degree in\" \/>\n<meta property=\"og:url\" content=\"https:\/\/coopmourabarrancos.com\/en\/interview-manuel-fialho\/\" \/>\n<meta property=\"og:site_name\" content=\"Cooperativa Moura Barrancos\" \/>\n<meta property=\"article:publisher\" content=\"https:\/\/www.facebook.com\/coopmourabarrancos\" \/>\n<meta property=\"article:modified_time\" content=\"2024-06-06T18:59:42+00:00\" \/>\n<meta property=\"og:image\" content=\"https:\/\/coopmourabarrancos.com\/wp-content\/uploads\/2023\/07\/Design-sem-nome-48.png\" \/>\n<meta name=\"twitter:card\" content=\"summary_large_image\" \/>\n<meta name=\"twitter:label1\" content=\"Est. reading time\" \/>\n\t<meta name=\"twitter:data1\" content=\"4 minutes\" \/>\n<script type=\"application\/ld+json\" class=\"yoast-schema-graph\">{\"@context\":\"https:\/\/schema.org\",\"@graph\":[{\"@type\":\"WebPage\",\"@id\":\"https:\/\/coopmourabarrancos.com\/en\/interview-manuel-fialho\/\",\"url\":\"https:\/\/coopmourabarrancos.com\/en\/interview-manuel-fialho\/\",\"name\":\"Interview | Manuel Fialho - Cooperativa Moura Barrancos\",\"isPartOf\":{\"@id\":\"https:\/\/coopmourabarrancos.com\/#website\"},\"primaryImageOfPage\":{\"@id\":\"https:\/\/coopmourabarrancos.com\/en\/interview-manuel-fialho\/#primaryimage\"},\"image\":{\"@id\":\"https:\/\/coopmourabarrancos.com\/en\/interview-manuel-fialho\/#primaryimage\"},\"thumbnailUrl\":\"https:\/\/coopmourabarrancos.com\/wp-content\/uploads\/2023\/07\/Design-sem-nome-48.png\",\"datePublished\":\"2023-07-07T10:10:08+00:00\",\"dateModified\":\"2024-06-06T18:59:42+00:00\",\"breadcrumb\":{\"@id\":\"https:\/\/coopmourabarrancos.com\/en\/interview-manuel-fialho\/#breadcrumb\"},\"inLanguage\":\"en-US\",\"potentialAction\":[{\"@type\":\"ReadAction\",\"target\":[\"https:\/\/coopmourabarrancos.com\/en\/interview-manuel-fialho\/\"]}]},{\"@type\":\"ImageObject\",\"inLanguage\":\"en-US\",\"@id\":\"https:\/\/coopmourabarrancos.com\/en\/interview-manuel-fialho\/#primaryimage\",\"url\":\"https:\/\/coopmourabarrancos.com\/wp-content\/uploads\/2023\/07\/Design-sem-nome-48.png\",\"contentUrl\":\"https:\/\/coopmourabarrancos.com\/wp-content\/uploads\/2023\/07\/Design-sem-nome-48.png\"},{\"@type\":\"BreadcrumbList\",\"@id\":\"https:\/\/coopmourabarrancos.com\/en\/interview-manuel-fialho\/#breadcrumb\",\"itemListElement\":[{\"@type\":\"ListItem\",\"position\":1,\"name\":\"In\u00edcio\",\"item\":\"https:\/\/coopmourabarrancos.com\/en\/\"},{\"@type\":\"ListItem\",\"position\":2,\"name\":\"Interview | Manuel Fialho\"}]},{\"@type\":\"WebSite\",\"@id\":\"https:\/\/coopmourabarrancos.com\/#website\",\"url\":\"https:\/\/coopmourabarrancos.com\/\",\"name\":\"Cooperativa Agr\u00edcola de Moura e Barrancos\",\"description\":\"A Cooperativa Agr\u00edcola de Moura e Barrancos foi fundada em 1954, com a principal miss\u00e3o de dar resposta competitiva \u00e0s produ\u00e7\u00f5es de azeitona dos seus fundadores.\",\"publisher\":{\"@id\":\"https:\/\/coopmourabarrancos.com\/#organization\"},\"alternateName\":\"Cooperativa Moura Barrancos\",\"potentialAction\":[{\"@type\":\"SearchAction\",\"target\":{\"@type\":\"EntryPoint\",\"urlTemplate\":\"https:\/\/coopmourabarrancos.com\/?s={search_term_string}\"},\"query-input\":\"required name=search_term_string\"}],\"inLanguage\":\"en-US\"},{\"@type\":\"Organization\",\"@id\":\"https:\/\/coopmourabarrancos.com\/#organization\",\"name\":\"Cooperativa Agr\u00edcola de Moura e Barrancos\",\"alternateName\":\"Cooperativa Moura Barrancos\",\"url\":\"https:\/\/coopmourabarrancos.com\/\",\"logo\":{\"@type\":\"ImageObject\",\"inLanguage\":\"en-US\",\"@id\":\"https:\/\/coopmourabarrancos.com\/#\/schema\/logo\/image\/\",\"url\":\"https:\/\/dev.coopmourabarrancos.com\/wp-content\/uploads\/2021\/10\/Logo-CMB-03.png\",\"contentUrl\":\"https:\/\/dev.coopmourabarrancos.com\/wp-content\/uploads\/2021\/10\/Logo-CMB-03.png\",\"width\":334,\"height\":280,\"caption\":\"Cooperativa Agr\u00edcola de Moura e Barrancos\"},\"image\":{\"@id\":\"https:\/\/coopmourabarrancos.com\/#\/schema\/logo\/image\/\"},\"sameAs\":[\"https:\/\/www.facebook.com\/coopmourabarrancos\",\"https:\/\/www.linkedin.com\/company\/camb\/\",\"https:\/\/www.youtube.com\/@CoopMouraBarrancos\",\"https:\/\/www.instagram.com\/cooperativamourabarrancos\/\"]}]}<\/script>\n<!-- \/ Yoast SEO plugin. -->","yoast_head_json":{"title":"Interview | Manuel Fialho - Cooperativa Moura Barrancos","robots":{"index":"index","follow":"follow","max-snippet":"max-snippet:-1","max-image-preview":"max-image-preview:large","max-video-preview":"max-video-preview:-1"},"canonical":"https:\/\/coopmourabarrancos.com\/en\/interview-manuel-fialho\/","og_locale":"en_US","og_type":"article","og_title":"Interview | Manuel Fialho - Cooperativa Moura Barrancos","og_description":"Interviews Manuel Fialho Manuel Mariano Ribeiro Fialho was born in Moura on September 25, 1942. He has a degree in","og_url":"https:\/\/coopmourabarrancos.com\/en\/interview-manuel-fialho\/","og_site_name":"Cooperativa Moura Barrancos","article_publisher":"https:\/\/www.facebook.com\/coopmourabarrancos","article_modified_time":"2024-06-06T18:59:42+00:00","og_image":[{"url":"https:\/\/coopmourabarrancos.com\/wp-content\/uploads\/2023\/07\/Design-sem-nome-48.png"}],"twitter_card":"summary_large_image","twitter_misc":{"Est. reading time":"4 minutes"},"schema":{"@context":"https:\/\/schema.org","@graph":[{"@type":"WebPage","@id":"https:\/\/coopmourabarrancos.com\/en\/interview-manuel-fialho\/","url":"https:\/\/coopmourabarrancos.com\/en\/interview-manuel-fialho\/","name":"Interview | Manuel Fialho - Cooperativa Moura Barrancos","isPartOf":{"@id":"https:\/\/coopmourabarrancos.com\/#website"},"primaryImageOfPage":{"@id":"https:\/\/coopmourabarrancos.com\/en\/interview-manuel-fialho\/#primaryimage"},"image":{"@id":"https:\/\/coopmourabarrancos.com\/en\/interview-manuel-fialho\/#primaryimage"},"thumbnailUrl":"https:\/\/coopmourabarrancos.com\/wp-content\/uploads\/2023\/07\/Design-sem-nome-48.png","datePublished":"2023-07-07T10:10:08+00:00","dateModified":"2024-06-06T18:59:42+00:00","breadcrumb":{"@id":"https:\/\/coopmourabarrancos.com\/en\/interview-manuel-fialho\/#breadcrumb"},"inLanguage":"en-US","potentialAction":[{"@type":"ReadAction","target":["https:\/\/coopmourabarrancos.com\/en\/interview-manuel-fialho\/"]}]},{"@type":"ImageObject","inLanguage":"en-US","@id":"https:\/\/coopmourabarrancos.com\/en\/interview-manuel-fialho\/#primaryimage","url":"https:\/\/coopmourabarrancos.com\/wp-content\/uploads\/2023\/07\/Design-sem-nome-48.png","contentUrl":"https:\/\/coopmourabarrancos.com\/wp-content\/uploads\/2023\/07\/Design-sem-nome-48.png"},{"@type":"BreadcrumbList","@id":"https:\/\/coopmourabarrancos.com\/en\/interview-manuel-fialho\/#breadcrumb","itemListElement":[{"@type":"ListItem","position":1,"name":"In\u00edcio","item":"https:\/\/coopmourabarrancos.com\/en\/"},{"@type":"ListItem","position":2,"name":"Interview | Manuel Fialho"}]},{"@type":"WebSite","@id":"https:\/\/coopmourabarrancos.com\/#website","url":"https:\/\/coopmourabarrancos.com\/","name":"Cooperativa Agr\u00edcola de Moura e Barrancos","description":"A Cooperativa Agr\u00edcola de Moura e Barrancos foi fundada em 1954, com a principal miss\u00e3o de dar resposta competitiva \u00e0s produ\u00e7\u00f5es de azeitona dos seus fundadores.","publisher":{"@id":"https:\/\/coopmourabarrancos.com\/#organization"},"alternateName":"Cooperativa Moura Barrancos","potentialAction":[{"@type":"SearchAction","target":{"@type":"EntryPoint","urlTemplate":"https:\/\/coopmourabarrancos.com\/?s={search_term_string}"},"query-input":"required name=search_term_string"}],"inLanguage":"en-US"},{"@type":"Organization","@id":"https:\/\/coopmourabarrancos.com\/#organization","name":"Cooperativa Agr\u00edcola de Moura e Barrancos","alternateName":"Cooperativa Moura Barrancos","url":"https:\/\/coopmourabarrancos.com\/","logo":{"@type":"ImageObject","inLanguage":"en-US","@id":"https:\/\/coopmourabarrancos.com\/#\/schema\/logo\/image\/","url":"https:\/\/dev.coopmourabarrancos.com\/wp-content\/uploads\/2021\/10\/Logo-CMB-03.png","contentUrl":"https:\/\/dev.coopmourabarrancos.com\/wp-content\/uploads\/2021\/10\/Logo-CMB-03.png","width":334,"height":280,"caption":"Cooperativa Agr\u00edcola de Moura e Barrancos"},"image":{"@id":"https:\/\/coopmourabarrancos.com\/#\/schema\/logo\/image\/"},"sameAs":["https:\/\/www.facebook.com\/coopmourabarrancos","https:\/\/www.linkedin.com\/company\/camb\/","https:\/\/www.youtube.com\/@CoopMouraBarrancos","https:\/\/www.instagram.com\/cooperativamourabarrancos\/"]}]}},"_links":{"self":[{"href":"https:\/\/coopmourabarrancos.com\/en\/wp-json\/wp\/v2\/pages\/10740","targetHints":{"allow":["GET"]}}],"collection":[{"href":"https:\/\/coopmourabarrancos.com\/en\/wp-json\/wp\/v2\/pages"}],"about":[{"href":"https:\/\/coopmourabarrancos.com\/en\/wp-json\/wp\/v2\/types\/page"}],"author":[{"embeddable":true,"href":"https:\/\/coopmourabarrancos.com\/en\/wp-json\/wp\/v2\/users\/13"}],"replies":[{"embeddable":true,"href":"https:\/\/coopmourabarrancos.com\/en\/wp-json\/wp\/v2\/comments?post=10740"}],"version-history":[{"count":0,"href":"https:\/\/coopmourabarrancos.com\/en\/wp-json\/wp\/v2\/pages\/10740\/revisions"}],"wp:attachment":[{"href":"https:\/\/coopmourabarrancos.com\/en\/wp-json\/wp\/v2\/media?parent=10740"}],"curies":[{"name":"wp","href":"https:\/\/api.w.org\/{rel}","templated":true}]}}