{"id":10738,"date":"2023-07-07T09:49:25","date_gmt":"2023-07-07T09:49:25","guid":{"rendered":"https:\/\/coopmourabarrancos.com\/interview-manuel-caeiro-da-silva-brito\/"},"modified":"2024-06-06T18:59:15","modified_gmt":"2024-06-06T18:59:15","slug":"interview-manuel-caeiro-da-silva-brito","status":"publish","type":"page","link":"https:\/\/coopmourabarrancos.com\/en\/interview-manuel-caeiro-da-silva-brito\/","title":{"rendered":"Interview | Manuel Caeiro Da Silva Brito"},"content":{"rendered":"\t\t<div data-elementor-type=\"wp-page\" data-elementor-id=\"10738\" class=\"elementor elementor-10738 elementor-10421\">\n\t\t\t\t\t\t<section class=\"elementor-section elementor-top-section elementor-element elementor-element-8dab199 elementor-section-full_width wd-section-stretch elementor-section-height-default elementor-section-height-default\" data-id=\"8dab199\" data-element_type=\"section\" data-settings=\"{&quot;background_background&quot;:&quot;classic&quot;}\">\n\t\t\t\t\t\t<div class=\"elementor-container elementor-column-gap-default\">\n\t\t\t\t\t<div class=\"elementor-column elementor-col-100 elementor-top-column elementor-element elementor-element-11a2d89\" data-id=\"11a2d89\" data-element_type=\"column\">\n\t\t\t<div class=\"elementor-widget-wrap elementor-element-populated\">\n\t\t\t\t\t\t<div class=\"elementor-element elementor-element-4ca8b09 elementor-widget elementor-widget-heading\" data-id=\"4ca8b09\" data-element_type=\"widget\" data-widget_type=\"heading.default\">\n\t\t\t\t<div class=\"elementor-widget-container\">\n\t\t\t<style>\/*! elementor - v3.22.0 - 17-06-2024 *\/\n.elementor-heading-title{padding:0;margin:0;line-height:1}.elementor-widget-heading .elementor-heading-title[class*=elementor-size-]>a{color:inherit;font-size:inherit;line-height:inherit}.elementor-widget-heading .elementor-heading-title.elementor-size-small{font-size:15px}.elementor-widget-heading .elementor-heading-title.elementor-size-medium{font-size:19px}.elementor-widget-heading .elementor-heading-title.elementor-size-large{font-size:29px}.elementor-widget-heading .elementor-heading-title.elementor-size-xl{font-size:39px}.elementor-widget-heading .elementor-heading-title.elementor-size-xxl{font-size:59px}<\/style><h1 class=\"elementor-heading-title elementor-size-default\">Interviews<\/h1>\t\t<\/div>\n\t\t\t\t<\/div>\n\t\t\t\t\t<\/div>\n\t\t<\/div>\n\t\t\t\t\t<\/div>\n\t\t<\/section>\n\t\t\t\t<section class=\"wd-negative-gap elementor-section elementor-top-section elementor-element elementor-element-77dbff0 elementor-section-boxed elementor-section-height-default elementor-section-height-default\" data-id=\"77dbff0\" data-element_type=\"section\">\n\t\t\t\t\t\t<div class=\"elementor-container elementor-column-gap-default\">\n\t\t\t\t\t<div class=\"elementor-column elementor-col-100 elementor-top-column elementor-element elementor-element-7a7b388\" data-id=\"7a7b388\" data-element_type=\"column\">\n\t\t\t<div class=\"elementor-widget-wrap elementor-element-populated\">\n\t\t\t\t\t\t<div class=\"elementor-element elementor-element-1b108eb wd-width-100 elementor-widget elementor-widget-wd_title\" data-id=\"1b108eb\" data-element_type=\"widget\" data-widget_type=\"wd_title.default\">\n\t\t\t\t<div class=\"elementor-widget-container\">\n\t\t\t\t\t<div class=\"title-wrapper set-mb-s reset-last-child wd-title-color-default wd-title-style-default wd-title-size-default text-center\">\n\n\t\t\t\n\t\t\t<div class=\"liner-continer\">\n\t\t\t\t<h4 class=\"woodmart-title-container title wd-fontsize-l\">Manuel Caeiro da Silva Brito<\/h4> \n\t\t\t\t\t\t\t<\/div>\n\n\t\t\t\t\t<\/div>\n\t\t\t\t<\/div>\n\t\t\t\t<\/div>\n\t\t\t\t\t<\/div>\n\t\t<\/div>\n\t\t\t\t\t<\/div>\n\t\t<\/section>\n\t\t\t\t<section class=\"wd-negative-gap elementor-section elementor-top-section elementor-element elementor-element-bc9df0c elementor-section-boxed elementor-section-height-default elementor-section-height-default\" data-id=\"bc9df0c\" data-element_type=\"section\">\n\t\t\t\t\t\t<div class=\"elementor-container elementor-column-gap-default\">\n\t\t\t\t\t<div class=\"elementor-column elementor-col-100 elementor-top-column elementor-element elementor-element-83e114e\" data-id=\"83e114e\" data-element_type=\"column\">\n\t\t\t<div class=\"elementor-widget-wrap elementor-element-populated\">\n\t\t\t\t\t\t<div class=\"elementor-element elementor-element-e07342b elementor-widget elementor-widget-wd_image_or_svg\" data-id=\"e07342b\" data-element_type=\"widget\" data-widget_type=\"wd_image_or_svg.default\">\n\t\t\t\t<div class=\"elementor-widget-container\">\n\t\t\t\n\t\t<div class=\"wd-image text-center\">\n\t\t\t\t\t\t\t\t<img fetchpriority=\"high\" decoding=\"async\" width=\"600\" height=\"400\" src=\"https:\/\/coopmourabarrancos.com\/wp-content\/uploads\/2023\/07\/Design-sem-nome-43.png\" class=\"attachment-full size-full\" alt=\"\" srcset=\"https:\/\/coopmourabarrancos.com\/wp-content\/uploads\/2023\/07\/Design-sem-nome-43.png 600w, https:\/\/coopmourabarrancos.com\/wp-content\/uploads\/2023\/07\/Design-sem-nome-43-400x267.png 400w, https:\/\/coopmourabarrancos.com\/wp-content\/uploads\/2023\/07\/Design-sem-nome-43-430x287.png 430w, https:\/\/coopmourabarrancos.com\/wp-content\/uploads\/2023\/07\/Design-sem-nome-43-150x100.png 150w\" sizes=\"(max-width: 600px) 100vw, 600px\" \/>\t\t\t\t\t<\/div>\n\n\t\t\t\t<\/div>\n\t\t\t\t<\/div>\n\t\t\t\t\t<\/div>\n\t\t<\/div>\n\t\t\t\t\t<\/div>\n\t\t<\/section>\n\t\t\t\t<section class=\"wd-negative-gap elementor-section elementor-top-section elementor-element elementor-element-fb31124 elementor-section-boxed elementor-section-height-default elementor-section-height-default\" data-id=\"fb31124\" data-element_type=\"section\">\n\t\t\t\t\t\t<div class=\"elementor-container elementor-column-gap-default\">\n\t\t\t\t\t<div class=\"elementor-column elementor-col-100 elementor-top-column elementor-element elementor-element-61d63d4\" data-id=\"61d63d4\" data-element_type=\"column\">\n\t\t\t<div class=\"elementor-widget-wrap elementor-element-populated\">\n\t\t\t\t\t\t<div class=\"elementor-element elementor-element-9b03a87 elementor-widget elementor-widget-wd_text_block\" data-id=\"9b03a87\" data-element_type=\"widget\" data-widget_type=\"wd_text_block.default\">\n\t\t\t\t<div class=\"elementor-widget-container\">\n\t\t\t\t\t<div class=\"wd-text-block reset-last-child text-left\">\n\t\t\t\n\t\t\t<p>Manuel Caeiro da Silva Brito, 83, started working as an olive grower 63 years ago.<\/p><p>From his perspective, things have changed a lot: \"Olive growing today is very different from what it was in my day. The olives used to be picked by hand, one by one, and nowadays they're picked with a vibrator.\"<\/p><p>He believes that the best way to evaluate olive oil is \"by tasting it, there's no other way but to taste it,\" he says. He also considers that \"the technical means are not in the hands of the normal consumer, which can lead to a great deal of confusion.\" In his time, \"there was only one oil\". He recalls that \"an oil with 1 degree of acidity used to be an exceptional oil and today an oil with 1 degree is no good! Look at the evolution!\" he concludes.<\/p><p>Despite this, he likes to taste olive oil \"in a glass and with a bit of apple\", in other words, with all the technical precepts.<\/p><p>In terms of what sets the Cooperativa de Moura e Barrancos apart, as an olive oil producer he says that \"olive growing and olive growers are different, they are nothing like the others. He also says that \"the traditional varieties and, consequently, the PDO Azeite de Moura are the most important thing when it comes to distinguishing the Cooperative's olive oil.\"<\/p><p>About his mark on the history of the Cooperative, he says: \"I was Director of the Cooperative in 1991, when no one wanted to take on that responsibility. I asked the General Assembly for permission to form a list and with Joaquim Matado and Jo\u00e3o Costa we took over the Board. We were left without a manager and inherited a debt of 400,000 \"contos\". I went to a bank in Serpa to ask for money because we no longer had credit in Moura, but they asked for our wives' signatures. You were very nice, but that's all it took! In the meantime, we were received by the Ministry of the Economy, which granted the Cooperative significant financial support.<\/p><p>We hired a new manager and went around talking to the farmers and members who had left the Cooperative, telling them to believe in us, that we would pay them well for their olives and that they should come back.<\/p><p>We made a good team and managed to save the Cooperative!\"<\/p>\n\t\t\t\t\t<\/div>\n\t\t\t\t<\/div>\n\t\t\t\t<\/div>\n\t\t\t\t\t<\/div>\n\t\t<\/div>\n\t\t\t\t\t<\/div>\n\t\t<\/section>\n\t\t\t\t<section class=\"wd-negative-gap elementor-section elementor-top-section elementor-element elementor-element-94c3bc5 elementor-section-boxed elementor-section-height-default elementor-section-height-default\" data-id=\"94c3bc5\" data-element_type=\"section\">\n\t\t\t\t\t\t<div class=\"elementor-container elementor-column-gap-default\">\n\t\t\t\t\t<div class=\"elementor-column elementor-col-100 elementor-top-column elementor-element elementor-element-4d3fe20\" data-id=\"4d3fe20\" data-element_type=\"column\">\n\t\t\t<div class=\"elementor-widget-wrap\">\n\t\t\t\t\t\t\t<\/div>\n\t\t<\/div>\n\t\t\t\t\t<\/div>\n\t\t<\/section>\n\t\t\t\t<\/div>\n\t\t","protected":false},"excerpt":{"rendered":"<p>Interviews Manuel Caeiro da Silva Brito Manuel Caeiro da Silva Brito, 83, started working as an olive grower 63 years<\/p>\n","protected":false},"author":13,"featured_media":0,"parent":0,"menu_order":0,"comment_status":"closed","ping_status":"closed","template":"","meta":{"footnotes":""},"class_list":["post-10738","page","type-page","status-publish","hentry"],"yoast_head":"<!-- This site is optimized with the Yoast SEO plugin v22.9 - https:\/\/yoast.com\/wordpress\/plugins\/seo\/ -->\n<title>Interview | Manuel Caeiro Da Silva Brito - Cooperativa Moura Barrancos<\/title>\n<meta name=\"robots\" content=\"index, follow, max-snippet:-1, max-image-preview:large, max-video-preview:-1\" \/>\n<link rel=\"canonical\" href=\"https:\/\/coopmourabarrancos.com\/en\/interview-manuel-caeiro-da-silva-brito\/\" \/>\n<meta property=\"og:locale\" content=\"en_US\" \/>\n<meta property=\"og:type\" content=\"article\" \/>\n<meta property=\"og:title\" content=\"Interview | Manuel Caeiro Da Silva Brito - Cooperativa Moura Barrancos\" \/>\n<meta property=\"og:description\" content=\"Interviews Manuel Caeiro da Silva Brito Manuel Caeiro da Silva Brito, 83, started working as an olive grower 63 years\" \/>\n<meta property=\"og:url\" content=\"https:\/\/coopmourabarrancos.com\/en\/interview-manuel-caeiro-da-silva-brito\/\" \/>\n<meta property=\"og:site_name\" content=\"Cooperativa Moura Barrancos\" \/>\n<meta property=\"article:publisher\" content=\"https:\/\/www.facebook.com\/coopmourabarrancos\" \/>\n<meta property=\"article:modified_time\" content=\"2024-06-06T18:59:15+00:00\" \/>\n<meta property=\"og:image\" content=\"https:\/\/coopmourabarrancos.com\/wp-content\/uploads\/2023\/07\/Design-sem-nome-43.png\" \/>\n<meta name=\"twitter:card\" content=\"summary_large_image\" \/>\n<meta name=\"twitter:label1\" content=\"Est. reading time\" \/>\n\t<meta name=\"twitter:data1\" content=\"3 minutes\" \/>\n<script type=\"application\/ld+json\" class=\"yoast-schema-graph\">{\"@context\":\"https:\/\/schema.org\",\"@graph\":[{\"@type\":\"WebPage\",\"@id\":\"https:\/\/coopmourabarrancos.com\/en\/interview-manuel-caeiro-da-silva-brito\/\",\"url\":\"https:\/\/coopmourabarrancos.com\/en\/interview-manuel-caeiro-da-silva-brito\/\",\"name\":\"Interview | Manuel Caeiro Da Silva Brito - Cooperativa Moura Barrancos\",\"isPartOf\":{\"@id\":\"https:\/\/coopmourabarrancos.com\/#website\"},\"primaryImageOfPage\":{\"@id\":\"https:\/\/coopmourabarrancos.com\/en\/interview-manuel-caeiro-da-silva-brito\/#primaryimage\"},\"image\":{\"@id\":\"https:\/\/coopmourabarrancos.com\/en\/interview-manuel-caeiro-da-silva-brito\/#primaryimage\"},\"thumbnailUrl\":\"https:\/\/coopmourabarrancos.com\/wp-content\/uploads\/2023\/07\/Design-sem-nome-43.png\",\"datePublished\":\"2023-07-07T09:49:25+00:00\",\"dateModified\":\"2024-06-06T18:59:15+00:00\",\"breadcrumb\":{\"@id\":\"https:\/\/coopmourabarrancos.com\/en\/interview-manuel-caeiro-da-silva-brito\/#breadcrumb\"},\"inLanguage\":\"en-US\",\"potentialAction\":[{\"@type\":\"ReadAction\",\"target\":[\"https:\/\/coopmourabarrancos.com\/en\/interview-manuel-caeiro-da-silva-brito\/\"]}]},{\"@type\":\"ImageObject\",\"inLanguage\":\"en-US\",\"@id\":\"https:\/\/coopmourabarrancos.com\/en\/interview-manuel-caeiro-da-silva-brito\/#primaryimage\",\"url\":\"https:\/\/coopmourabarrancos.com\/wp-content\/uploads\/2023\/07\/Design-sem-nome-43.png\",\"contentUrl\":\"https:\/\/coopmourabarrancos.com\/wp-content\/uploads\/2023\/07\/Design-sem-nome-43.png\"},{\"@type\":\"BreadcrumbList\",\"@id\":\"https:\/\/coopmourabarrancos.com\/en\/interview-manuel-caeiro-da-silva-brito\/#breadcrumb\",\"itemListElement\":[{\"@type\":\"ListItem\",\"position\":1,\"name\":\"In\u00edcio\",\"item\":\"https:\/\/coopmourabarrancos.com\/en\/\"},{\"@type\":\"ListItem\",\"position\":2,\"name\":\"Interview | Manuel Caeiro Da Silva Brito\"}]},{\"@type\":\"WebSite\",\"@id\":\"https:\/\/coopmourabarrancos.com\/#website\",\"url\":\"https:\/\/coopmourabarrancos.com\/\",\"name\":\"Cooperativa Agr\u00edcola de Moura e Barrancos\",\"description\":\"A Cooperativa Agr\u00edcola de Moura e Barrancos foi fundada em 1954, com a principal miss\u00e3o de dar resposta competitiva \u00e0s produ\u00e7\u00f5es de azeitona dos seus fundadores.\",\"publisher\":{\"@id\":\"https:\/\/coopmourabarrancos.com\/#organization\"},\"alternateName\":\"Cooperativa Moura Barrancos\",\"potentialAction\":[{\"@type\":\"SearchAction\",\"target\":{\"@type\":\"EntryPoint\",\"urlTemplate\":\"https:\/\/coopmourabarrancos.com\/?s={search_term_string}\"},\"query-input\":\"required name=search_term_string\"}],\"inLanguage\":\"en-US\"},{\"@type\":\"Organization\",\"@id\":\"https:\/\/coopmourabarrancos.com\/#organization\",\"name\":\"Cooperativa Agr\u00edcola de Moura e Barrancos\",\"alternateName\":\"Cooperativa Moura Barrancos\",\"url\":\"https:\/\/coopmourabarrancos.com\/\",\"logo\":{\"@type\":\"ImageObject\",\"inLanguage\":\"en-US\",\"@id\":\"https:\/\/coopmourabarrancos.com\/#\/schema\/logo\/image\/\",\"url\":\"https:\/\/dev.coopmourabarrancos.com\/wp-content\/uploads\/2021\/10\/Logo-CMB-03.png\",\"contentUrl\":\"https:\/\/dev.coopmourabarrancos.com\/wp-content\/uploads\/2021\/10\/Logo-CMB-03.png\",\"width\":334,\"height\":280,\"caption\":\"Cooperativa Agr\u00edcola de Moura e Barrancos\"},\"image\":{\"@id\":\"https:\/\/coopmourabarrancos.com\/#\/schema\/logo\/image\/\"},\"sameAs\":[\"https:\/\/www.facebook.com\/coopmourabarrancos\",\"https:\/\/www.linkedin.com\/company\/camb\/\",\"https:\/\/www.youtube.com\/@CoopMouraBarrancos\",\"https:\/\/www.instagram.com\/cooperativamourabarrancos\/\"]}]}<\/script>\n<!-- \/ Yoast SEO plugin. -->","yoast_head_json":{"title":"Interview | Manuel Caeiro Da Silva Brito - Cooperativa Moura Barrancos","robots":{"index":"index","follow":"follow","max-snippet":"max-snippet:-1","max-image-preview":"max-image-preview:large","max-video-preview":"max-video-preview:-1"},"canonical":"https:\/\/coopmourabarrancos.com\/en\/interview-manuel-caeiro-da-silva-brito\/","og_locale":"en_US","og_type":"article","og_title":"Interview | Manuel Caeiro Da Silva Brito - Cooperativa Moura Barrancos","og_description":"Interviews Manuel Caeiro da Silva Brito Manuel Caeiro da Silva Brito, 83, started working as an olive grower 63 years","og_url":"https:\/\/coopmourabarrancos.com\/en\/interview-manuel-caeiro-da-silva-brito\/","og_site_name":"Cooperativa Moura Barrancos","article_publisher":"https:\/\/www.facebook.com\/coopmourabarrancos","article_modified_time":"2024-06-06T18:59:15+00:00","og_image":[{"url":"https:\/\/coopmourabarrancos.com\/wp-content\/uploads\/2023\/07\/Design-sem-nome-43.png"}],"twitter_card":"summary_large_image","twitter_misc":{"Est. reading time":"3 minutes"},"schema":{"@context":"https:\/\/schema.org","@graph":[{"@type":"WebPage","@id":"https:\/\/coopmourabarrancos.com\/en\/interview-manuel-caeiro-da-silva-brito\/","url":"https:\/\/coopmourabarrancos.com\/en\/interview-manuel-caeiro-da-silva-brito\/","name":"Interview | Manuel Caeiro Da Silva Brito - Cooperativa Moura Barrancos","isPartOf":{"@id":"https:\/\/coopmourabarrancos.com\/#website"},"primaryImageOfPage":{"@id":"https:\/\/coopmourabarrancos.com\/en\/interview-manuel-caeiro-da-silva-brito\/#primaryimage"},"image":{"@id":"https:\/\/coopmourabarrancos.com\/en\/interview-manuel-caeiro-da-silva-brito\/#primaryimage"},"thumbnailUrl":"https:\/\/coopmourabarrancos.com\/wp-content\/uploads\/2023\/07\/Design-sem-nome-43.png","datePublished":"2023-07-07T09:49:25+00:00","dateModified":"2024-06-06T18:59:15+00:00","breadcrumb":{"@id":"https:\/\/coopmourabarrancos.com\/en\/interview-manuel-caeiro-da-silva-brito\/#breadcrumb"},"inLanguage":"en-US","potentialAction":[{"@type":"ReadAction","target":["https:\/\/coopmourabarrancos.com\/en\/interview-manuel-caeiro-da-silva-brito\/"]}]},{"@type":"ImageObject","inLanguage":"en-US","@id":"https:\/\/coopmourabarrancos.com\/en\/interview-manuel-caeiro-da-silva-brito\/#primaryimage","url":"https:\/\/coopmourabarrancos.com\/wp-content\/uploads\/2023\/07\/Design-sem-nome-43.png","contentUrl":"https:\/\/coopmourabarrancos.com\/wp-content\/uploads\/2023\/07\/Design-sem-nome-43.png"},{"@type":"BreadcrumbList","@id":"https:\/\/coopmourabarrancos.com\/en\/interview-manuel-caeiro-da-silva-brito\/#breadcrumb","itemListElement":[{"@type":"ListItem","position":1,"name":"In\u00edcio","item":"https:\/\/coopmourabarrancos.com\/en\/"},{"@type":"ListItem","position":2,"name":"Interview | Manuel Caeiro Da Silva Brito"}]},{"@type":"WebSite","@id":"https:\/\/coopmourabarrancos.com\/#website","url":"https:\/\/coopmourabarrancos.com\/","name":"Cooperativa Agr\u00edcola de Moura e Barrancos","description":"A Cooperativa Agr\u00edcola de Moura e Barrancos foi fundada em 1954, com a principal miss\u00e3o de dar resposta competitiva \u00e0s produ\u00e7\u00f5es de azeitona dos seus fundadores.","publisher":{"@id":"https:\/\/coopmourabarrancos.com\/#organization"},"alternateName":"Cooperativa Moura Barrancos","potentialAction":[{"@type":"SearchAction","target":{"@type":"EntryPoint","urlTemplate":"https:\/\/coopmourabarrancos.com\/?s={search_term_string}"},"query-input":"required name=search_term_string"}],"inLanguage":"en-US"},{"@type":"Organization","@id":"https:\/\/coopmourabarrancos.com\/#organization","name":"Cooperativa Agr\u00edcola de Moura e Barrancos","alternateName":"Cooperativa Moura Barrancos","url":"https:\/\/coopmourabarrancos.com\/","logo":{"@type":"ImageObject","inLanguage":"en-US","@id":"https:\/\/coopmourabarrancos.com\/#\/schema\/logo\/image\/","url":"https:\/\/dev.coopmourabarrancos.com\/wp-content\/uploads\/2021\/10\/Logo-CMB-03.png","contentUrl":"https:\/\/dev.coopmourabarrancos.com\/wp-content\/uploads\/2021\/10\/Logo-CMB-03.png","width":334,"height":280,"caption":"Cooperativa Agr\u00edcola de Moura e Barrancos"},"image":{"@id":"https:\/\/coopmourabarrancos.com\/#\/schema\/logo\/image\/"},"sameAs":["https:\/\/www.facebook.com\/coopmourabarrancos","https:\/\/www.linkedin.com\/company\/camb\/","https:\/\/www.youtube.com\/@CoopMouraBarrancos","https:\/\/www.instagram.com\/cooperativamourabarrancos\/"]}]}},"_links":{"self":[{"href":"https:\/\/coopmourabarrancos.com\/en\/wp-json\/wp\/v2\/pages\/10738","targetHints":{"allow":["GET"]}}],"collection":[{"href":"https:\/\/coopmourabarrancos.com\/en\/wp-json\/wp\/v2\/pages"}],"about":[{"href":"https:\/\/coopmourabarrancos.com\/en\/wp-json\/wp\/v2\/types\/page"}],"author":[{"embeddable":true,"href":"https:\/\/coopmourabarrancos.com\/en\/wp-json\/wp\/v2\/users\/13"}],"replies":[{"embeddable":true,"href":"https:\/\/coopmourabarrancos.com\/en\/wp-json\/wp\/v2\/comments?post=10738"}],"version-history":[{"count":0,"href":"https:\/\/coopmourabarrancos.com\/en\/wp-json\/wp\/v2\/pages\/10738\/revisions"}],"wp:attachment":[{"href":"https:\/\/coopmourabarrancos.com\/en\/wp-json\/wp\/v2\/media?parent=10738"}],"curies":[{"name":"wp","href":"https:\/\/api.w.org\/{rel}","templated":true}]}}