{"id":10734,"date":"2023-07-07T10:07:18","date_gmt":"2023-07-07T10:07:18","guid":{"rendered":"https:\/\/coopmourabarrancos.com\/interview-francisco-correia-matado\/"},"modified":"2024-06-06T18:58:11","modified_gmt":"2024-06-06T18:58:11","slug":"interview-francisco-correia-matado","status":"publish","type":"page","link":"https:\/\/coopmourabarrancos.com\/en\/interview-francisco-correia-matado\/","title":{"rendered":"Interview | Francisco Correia Matado"},"content":{"rendered":"\t\t<div data-elementor-type=\"wp-page\" data-elementor-id=\"10734\" class=\"elementor elementor-10734 elementor-10455\">\n\t\t\t\t\t\t<section class=\"elementor-section elementor-top-section elementor-element elementor-element-8dab199 elementor-section-full_width wd-section-stretch elementor-section-height-default elementor-section-height-default\" data-id=\"8dab199\" data-element_type=\"section\" data-settings=\"{&quot;background_background&quot;:&quot;classic&quot;}\">\n\t\t\t\t\t\t<div class=\"elementor-container elementor-column-gap-default\">\n\t\t\t\t\t<div class=\"elementor-column elementor-col-100 elementor-top-column elementor-element elementor-element-11a2d89\" data-id=\"11a2d89\" data-element_type=\"column\">\n\t\t\t<div class=\"elementor-widget-wrap elementor-element-populated\">\n\t\t\t\t\t\t<div class=\"elementor-element elementor-element-4ca8b09 elementor-widget elementor-widget-heading\" data-id=\"4ca8b09\" data-element_type=\"widget\" data-widget_type=\"heading.default\">\n\t\t\t\t<div class=\"elementor-widget-container\">\n\t\t\t<style>\/*! elementor - v3.22.0 - 17-06-2024 *\/\n.elementor-heading-title{padding:0;margin:0;line-height:1}.elementor-widget-heading .elementor-heading-title[class*=elementor-size-]>a{color:inherit;font-size:inherit;line-height:inherit}.elementor-widget-heading .elementor-heading-title.elementor-size-small{font-size:15px}.elementor-widget-heading .elementor-heading-title.elementor-size-medium{font-size:19px}.elementor-widget-heading .elementor-heading-title.elementor-size-large{font-size:29px}.elementor-widget-heading .elementor-heading-title.elementor-size-xl{font-size:39px}.elementor-widget-heading .elementor-heading-title.elementor-size-xxl{font-size:59px}<\/style><h1 class=\"elementor-heading-title elementor-size-default\">Interviews<\/h1>\t\t<\/div>\n\t\t\t\t<\/div>\n\t\t\t\t\t<\/div>\n\t\t<\/div>\n\t\t\t\t\t<\/div>\n\t\t<\/section>\n\t\t\t\t<section class=\"wd-negative-gap elementor-section elementor-top-section elementor-element elementor-element-77dbff0 elementor-section-boxed elementor-section-height-default elementor-section-height-default\" data-id=\"77dbff0\" data-element_type=\"section\">\n\t\t\t\t\t\t<div class=\"elementor-container elementor-column-gap-default\">\n\t\t\t\t\t<div class=\"elementor-column elementor-col-100 elementor-top-column elementor-element elementor-element-7a7b388\" data-id=\"7a7b388\" data-element_type=\"column\">\n\t\t\t<div class=\"elementor-widget-wrap elementor-element-populated\">\n\t\t\t\t\t\t<div class=\"elementor-element elementor-element-1b108eb wd-width-100 elementor-widget elementor-widget-wd_title\" data-id=\"1b108eb\" data-element_type=\"widget\" data-widget_type=\"wd_title.default\">\n\t\t\t\t<div class=\"elementor-widget-container\">\n\t\t\t\t\t<div class=\"title-wrapper set-mb-s reset-last-child wd-title-color-default wd-title-style-default wd-title-size-default text-center\">\n\n\t\t\t\n\t\t\t<div class=\"liner-continer\">\n\t\t\t\t<h4 class=\"woodmart-title-container title wd-fontsize-l\">Francisco Correia Matado<\/h4> \n\t\t\t\t\t\t\t<\/div>\n\n\t\t\t\t\t<\/div>\n\t\t\t\t<\/div>\n\t\t\t\t<\/div>\n\t\t\t\t\t<\/div>\n\t\t<\/div>\n\t\t\t\t\t<\/div>\n\t\t<\/section>\n\t\t\t\t<section class=\"wd-negative-gap elementor-section elementor-top-section elementor-element elementor-element-bc9df0c elementor-section-boxed elementor-section-height-default elementor-section-height-default\" data-id=\"bc9df0c\" data-element_type=\"section\">\n\t\t\t\t\t\t<div class=\"elementor-container elementor-column-gap-default\">\n\t\t\t\t\t<div class=\"elementor-column elementor-col-100 elementor-top-column elementor-element elementor-element-83e114e\" data-id=\"83e114e\" data-element_type=\"column\">\n\t\t\t<div class=\"elementor-widget-wrap elementor-element-populated\">\n\t\t\t\t\t\t<div class=\"elementor-element elementor-element-e07342b elementor-widget elementor-widget-wd_image_or_svg\" data-id=\"e07342b\" data-element_type=\"widget\" data-widget_type=\"wd_image_or_svg.default\">\n\t\t\t\t<div class=\"elementor-widget-container\">\n\t\t\t\n\t\t<div class=\"wd-image text-center\">\n\t\t\t\t\t\t\t\t<img fetchpriority=\"high\" decoding=\"async\" width=\"600\" height=\"400\" src=\"https:\/\/coopmourabarrancos.com\/wp-content\/uploads\/2023\/07\/Design-sem-nome-47.png\" class=\"attachment-full size-full\" alt=\"\" srcset=\"https:\/\/coopmourabarrancos.com\/wp-content\/uploads\/2023\/07\/Design-sem-nome-47.png 600w, https:\/\/coopmourabarrancos.com\/wp-content\/uploads\/2023\/07\/Design-sem-nome-47-400x267.png 400w, https:\/\/coopmourabarrancos.com\/wp-content\/uploads\/2023\/07\/Design-sem-nome-47-430x287.png 430w, https:\/\/coopmourabarrancos.com\/wp-content\/uploads\/2023\/07\/Design-sem-nome-47-150x100.png 150w\" sizes=\"(max-width: 600px) 100vw, 600px\" \/>\t\t\t\t\t<\/div>\n\n\t\t\t\t<\/div>\n\t\t\t\t<\/div>\n\t\t\t\t\t<\/div>\n\t\t<\/div>\n\t\t\t\t\t<\/div>\n\t\t<\/section>\n\t\t\t\t<section class=\"wd-negative-gap elementor-section elementor-top-section elementor-element elementor-element-fb31124 elementor-section-boxed elementor-section-height-default elementor-section-height-default\" data-id=\"fb31124\" data-element_type=\"section\">\n\t\t\t\t\t\t<div class=\"elementor-container elementor-column-gap-default\">\n\t\t\t\t\t<div class=\"elementor-column elementor-col-100 elementor-top-column elementor-element elementor-element-61d63d4\" data-id=\"61d63d4\" data-element_type=\"column\">\n\t\t\t<div class=\"elementor-widget-wrap elementor-element-populated\">\n\t\t\t\t\t\t<div class=\"elementor-element elementor-element-9b03a87 elementor-widget elementor-widget-wd_text_block\" data-id=\"9b03a87\" data-element_type=\"widget\" data-widget_type=\"wd_text_block.default\">\n\t\t\t\t<div class=\"elementor-widget-container\">\n\t\t\t\t\t<div class=\"wd-text-block reset-last-child text-left\">\n\t\t\t\n\t\t\t<p>Francisco Correia Matado has been an olive grower and member of the Moura and Barrancos Cooperative for 41 years.<\/p><p>Ever since he was a little boy, he heard his parents talking about the Cooperative and it wasn't long after he started working that he knew his future would be linked to olive growing and the Cooperative.<\/p><p>The son and grandson of members, he joined the Cooperative's Board of Directors in the first decade of the millennium and, in three terms, left an important mark on what was one of its most progressive periods.<\/p><p>\"My fundamental job on the Board was - at that time - to tell the members that you don't have a hectare of olive groves to receive 30 contos.\" It was \"changing the mentality of my colleagues\".<\/p><p>He attributes a large part of the Cooperative's success to the Presidents he has had in successive terms and believes that, from a forward-looking perspective, \"the right things are being done\". He believes that the key to the Cooperative's success is \"keeping the members together\" and the strategic focus on \"packaged olive oil\".<\/p><p>He believes that, thanks to the work carried out daily by the cooperative, our members \"are the ones who, when they look at an olive grove and the type of soil, know best how to assess the quality of the olives\".<\/p><p>This is one of the reasons why he believes consumers should choose Azeite de Moura. Added to this is the fact that it differs from other olive oils by combining the Galega variety - dominant in Portugal until a few years ago - with the Cordovil and Verdeal varieties, \"which only exist on the left bank of the Guadiana\".<\/p><p>\"If that's not enough\" - he recommends with a smile - \"buy some Azeite de Moura, if only because it's ours! If you buy other people's, we'll be worse off!\"<\/p>\n\t\t\t\t\t<\/div>\n\t\t\t\t<\/div>\n\t\t\t\t<\/div>\n\t\t\t\t\t<\/div>\n\t\t<\/div>\n\t\t\t\t\t<\/div>\n\t\t<\/section>\n\t\t\t\t<section class=\"wd-negative-gap elementor-section elementor-top-section elementor-element elementor-element-94c3bc5 elementor-section-boxed elementor-section-height-default elementor-section-height-default\" data-id=\"94c3bc5\" data-element_type=\"section\">\n\t\t\t\t\t\t<div class=\"elementor-container elementor-column-gap-default\">\n\t\t\t\t\t<div class=\"elementor-column elementor-col-100 elementor-top-column elementor-element elementor-element-4d3fe20\" data-id=\"4d3fe20\" data-element_type=\"column\">\n\t\t\t<div class=\"elementor-widget-wrap\">\n\t\t\t\t\t\t\t<\/div>\n\t\t<\/div>\n\t\t\t\t\t<\/div>\n\t\t<\/section>\n\t\t\t\t<\/div>\n\t\t","protected":false},"excerpt":{"rendered":"<p>Interviews Francisco Correia Matado Francisco Correia Matado has been an olive grower and member of the Moura and Barrancos Cooperative<\/p>\n","protected":false},"author":13,"featured_media":0,"parent":0,"menu_order":0,"comment_status":"closed","ping_status":"closed","template":"","meta":{"footnotes":""},"class_list":["post-10734","page","type-page","status-publish","hentry"],"yoast_head":"<!-- This site is optimized with the Yoast SEO plugin v22.9 - https:\/\/yoast.com\/wordpress\/plugins\/seo\/ -->\n<title>Interview | Francisco Correia Matado - Cooperativa Moura Barrancos<\/title>\n<meta name=\"robots\" content=\"index, follow, max-snippet:-1, max-image-preview:large, max-video-preview:-1\" \/>\n<link rel=\"canonical\" href=\"https:\/\/coopmourabarrancos.com\/en\/interview-francisco-correia-matado\/\" \/>\n<meta property=\"og:locale\" content=\"en_US\" \/>\n<meta property=\"og:type\" content=\"article\" \/>\n<meta property=\"og:title\" content=\"Interview | Francisco Correia Matado - Cooperativa Moura Barrancos\" \/>\n<meta property=\"og:description\" content=\"Interviews Francisco Correia Matado Francisco Correia Matado has been an olive grower and member of the Moura and Barrancos Cooperative\" \/>\n<meta property=\"og:url\" content=\"https:\/\/coopmourabarrancos.com\/en\/interview-francisco-correia-matado\/\" \/>\n<meta property=\"og:site_name\" content=\"Cooperativa Moura Barrancos\" \/>\n<meta property=\"article:publisher\" content=\"https:\/\/www.facebook.com\/coopmourabarrancos\" \/>\n<meta property=\"article:modified_time\" content=\"2024-06-06T18:58:11+00:00\" \/>\n<meta property=\"og:image\" content=\"https:\/\/coopmourabarrancos.com\/wp-content\/uploads\/2023\/07\/Design-sem-nome-47.png\" \/>\n<meta name=\"twitter:card\" content=\"summary_large_image\" \/>\n<meta name=\"twitter:label1\" content=\"Est. reading time\" \/>\n\t<meta name=\"twitter:data1\" content=\"2 minutes\" \/>\n<script type=\"application\/ld+json\" class=\"yoast-schema-graph\">{\"@context\":\"https:\/\/schema.org\",\"@graph\":[{\"@type\":\"WebPage\",\"@id\":\"https:\/\/coopmourabarrancos.com\/en\/interview-francisco-correia-matado\/\",\"url\":\"https:\/\/coopmourabarrancos.com\/en\/interview-francisco-correia-matado\/\",\"name\":\"Interview | Francisco Correia Matado - Cooperativa Moura Barrancos\",\"isPartOf\":{\"@id\":\"https:\/\/coopmourabarrancos.com\/#website\"},\"primaryImageOfPage\":{\"@id\":\"https:\/\/coopmourabarrancos.com\/en\/interview-francisco-correia-matado\/#primaryimage\"},\"image\":{\"@id\":\"https:\/\/coopmourabarrancos.com\/en\/interview-francisco-correia-matado\/#primaryimage\"},\"thumbnailUrl\":\"https:\/\/coopmourabarrancos.com\/wp-content\/uploads\/2023\/07\/Design-sem-nome-47.png\",\"datePublished\":\"2023-07-07T10:07:18+00:00\",\"dateModified\":\"2024-06-06T18:58:11+00:00\",\"breadcrumb\":{\"@id\":\"https:\/\/coopmourabarrancos.com\/en\/interview-francisco-correia-matado\/#breadcrumb\"},\"inLanguage\":\"en-US\",\"potentialAction\":[{\"@type\":\"ReadAction\",\"target\":[\"https:\/\/coopmourabarrancos.com\/en\/interview-francisco-correia-matado\/\"]}]},{\"@type\":\"ImageObject\",\"inLanguage\":\"en-US\",\"@id\":\"https:\/\/coopmourabarrancos.com\/en\/interview-francisco-correia-matado\/#primaryimage\",\"url\":\"https:\/\/coopmourabarrancos.com\/wp-content\/uploads\/2023\/07\/Design-sem-nome-47.png\",\"contentUrl\":\"https:\/\/coopmourabarrancos.com\/wp-content\/uploads\/2023\/07\/Design-sem-nome-47.png\"},{\"@type\":\"BreadcrumbList\",\"@id\":\"https:\/\/coopmourabarrancos.com\/en\/interview-francisco-correia-matado\/#breadcrumb\",\"itemListElement\":[{\"@type\":\"ListItem\",\"position\":1,\"name\":\"In\u00edcio\",\"item\":\"https:\/\/coopmourabarrancos.com\/en\/\"},{\"@type\":\"ListItem\",\"position\":2,\"name\":\"Interview | Francisco Correia Matado\"}]},{\"@type\":\"WebSite\",\"@id\":\"https:\/\/coopmourabarrancos.com\/#website\",\"url\":\"https:\/\/coopmourabarrancos.com\/\",\"name\":\"Cooperativa Agr\u00edcola de Moura e Barrancos\",\"description\":\"A Cooperativa Agr\u00edcola de Moura e Barrancos foi fundada em 1954, com a principal miss\u00e3o de dar resposta competitiva \u00e0s produ\u00e7\u00f5es de azeitona dos seus fundadores.\",\"publisher\":{\"@id\":\"https:\/\/coopmourabarrancos.com\/#organization\"},\"alternateName\":\"Cooperativa Moura Barrancos\",\"potentialAction\":[{\"@type\":\"SearchAction\",\"target\":{\"@type\":\"EntryPoint\",\"urlTemplate\":\"https:\/\/coopmourabarrancos.com\/?s={search_term_string}\"},\"query-input\":\"required name=search_term_string\"}],\"inLanguage\":\"en-US\"},{\"@type\":\"Organization\",\"@id\":\"https:\/\/coopmourabarrancos.com\/#organization\",\"name\":\"Cooperativa Agr\u00edcola de Moura e Barrancos\",\"alternateName\":\"Cooperativa Moura Barrancos\",\"url\":\"https:\/\/coopmourabarrancos.com\/\",\"logo\":{\"@type\":\"ImageObject\",\"inLanguage\":\"en-US\",\"@id\":\"https:\/\/coopmourabarrancos.com\/#\/schema\/logo\/image\/\",\"url\":\"https:\/\/dev.coopmourabarrancos.com\/wp-content\/uploads\/2021\/10\/Logo-CMB-03.png\",\"contentUrl\":\"https:\/\/dev.coopmourabarrancos.com\/wp-content\/uploads\/2021\/10\/Logo-CMB-03.png\",\"width\":334,\"height\":280,\"caption\":\"Cooperativa Agr\u00edcola de Moura e Barrancos\"},\"image\":{\"@id\":\"https:\/\/coopmourabarrancos.com\/#\/schema\/logo\/image\/\"},\"sameAs\":[\"https:\/\/www.facebook.com\/coopmourabarrancos\",\"https:\/\/www.linkedin.com\/company\/camb\/\",\"https:\/\/www.youtube.com\/@CoopMouraBarrancos\",\"https:\/\/www.instagram.com\/cooperativamourabarrancos\/\"]}]}<\/script>\n<!-- \/ Yoast SEO plugin. -->","yoast_head_json":{"title":"Interview | Francisco Correia Matado - Cooperativa Moura Barrancos","robots":{"index":"index","follow":"follow","max-snippet":"max-snippet:-1","max-image-preview":"max-image-preview:large","max-video-preview":"max-video-preview:-1"},"canonical":"https:\/\/coopmourabarrancos.com\/en\/interview-francisco-correia-matado\/","og_locale":"en_US","og_type":"article","og_title":"Interview | Francisco Correia Matado - Cooperativa Moura Barrancos","og_description":"Interviews Francisco Correia Matado Francisco Correia Matado has been an olive grower and member of the Moura and Barrancos Cooperative","og_url":"https:\/\/coopmourabarrancos.com\/en\/interview-francisco-correia-matado\/","og_site_name":"Cooperativa Moura Barrancos","article_publisher":"https:\/\/www.facebook.com\/coopmourabarrancos","article_modified_time":"2024-06-06T18:58:11+00:00","og_image":[{"url":"https:\/\/coopmourabarrancos.com\/wp-content\/uploads\/2023\/07\/Design-sem-nome-47.png"}],"twitter_card":"summary_large_image","twitter_misc":{"Est. reading time":"2 minutes"},"schema":{"@context":"https:\/\/schema.org","@graph":[{"@type":"WebPage","@id":"https:\/\/coopmourabarrancos.com\/en\/interview-francisco-correia-matado\/","url":"https:\/\/coopmourabarrancos.com\/en\/interview-francisco-correia-matado\/","name":"Interview | Francisco Correia Matado - Cooperativa Moura Barrancos","isPartOf":{"@id":"https:\/\/coopmourabarrancos.com\/#website"},"primaryImageOfPage":{"@id":"https:\/\/coopmourabarrancos.com\/en\/interview-francisco-correia-matado\/#primaryimage"},"image":{"@id":"https:\/\/coopmourabarrancos.com\/en\/interview-francisco-correia-matado\/#primaryimage"},"thumbnailUrl":"https:\/\/coopmourabarrancos.com\/wp-content\/uploads\/2023\/07\/Design-sem-nome-47.png","datePublished":"2023-07-07T10:07:18+00:00","dateModified":"2024-06-06T18:58:11+00:00","breadcrumb":{"@id":"https:\/\/coopmourabarrancos.com\/en\/interview-francisco-correia-matado\/#breadcrumb"},"inLanguage":"en-US","potentialAction":[{"@type":"ReadAction","target":["https:\/\/coopmourabarrancos.com\/en\/interview-francisco-correia-matado\/"]}]},{"@type":"ImageObject","inLanguage":"en-US","@id":"https:\/\/coopmourabarrancos.com\/en\/interview-francisco-correia-matado\/#primaryimage","url":"https:\/\/coopmourabarrancos.com\/wp-content\/uploads\/2023\/07\/Design-sem-nome-47.png","contentUrl":"https:\/\/coopmourabarrancos.com\/wp-content\/uploads\/2023\/07\/Design-sem-nome-47.png"},{"@type":"BreadcrumbList","@id":"https:\/\/coopmourabarrancos.com\/en\/interview-francisco-correia-matado\/#breadcrumb","itemListElement":[{"@type":"ListItem","position":1,"name":"In\u00edcio","item":"https:\/\/coopmourabarrancos.com\/en\/"},{"@type":"ListItem","position":2,"name":"Interview | Francisco Correia Matado"}]},{"@type":"WebSite","@id":"https:\/\/coopmourabarrancos.com\/#website","url":"https:\/\/coopmourabarrancos.com\/","name":"Cooperativa Agr\u00edcola de Moura e Barrancos","description":"A Cooperativa Agr\u00edcola de Moura e Barrancos foi fundada em 1954, com a principal miss\u00e3o de dar resposta competitiva \u00e0s produ\u00e7\u00f5es de azeitona dos seus fundadores.","publisher":{"@id":"https:\/\/coopmourabarrancos.com\/#organization"},"alternateName":"Cooperativa Moura Barrancos","potentialAction":[{"@type":"SearchAction","target":{"@type":"EntryPoint","urlTemplate":"https:\/\/coopmourabarrancos.com\/?s={search_term_string}"},"query-input":"required name=search_term_string"}],"inLanguage":"en-US"},{"@type":"Organization","@id":"https:\/\/coopmourabarrancos.com\/#organization","name":"Cooperativa Agr\u00edcola de Moura e Barrancos","alternateName":"Cooperativa Moura Barrancos","url":"https:\/\/coopmourabarrancos.com\/","logo":{"@type":"ImageObject","inLanguage":"en-US","@id":"https:\/\/coopmourabarrancos.com\/#\/schema\/logo\/image\/","url":"https:\/\/dev.coopmourabarrancos.com\/wp-content\/uploads\/2021\/10\/Logo-CMB-03.png","contentUrl":"https:\/\/dev.coopmourabarrancos.com\/wp-content\/uploads\/2021\/10\/Logo-CMB-03.png","width":334,"height":280,"caption":"Cooperativa Agr\u00edcola de Moura e Barrancos"},"image":{"@id":"https:\/\/coopmourabarrancos.com\/#\/schema\/logo\/image\/"},"sameAs":["https:\/\/www.facebook.com\/coopmourabarrancos","https:\/\/www.linkedin.com\/company\/camb\/","https:\/\/www.youtube.com\/@CoopMouraBarrancos","https:\/\/www.instagram.com\/cooperativamourabarrancos\/"]}]}},"_links":{"self":[{"href":"https:\/\/coopmourabarrancos.com\/en\/wp-json\/wp\/v2\/pages\/10734","targetHints":{"allow":["GET"]}}],"collection":[{"href":"https:\/\/coopmourabarrancos.com\/en\/wp-json\/wp\/v2\/pages"}],"about":[{"href":"https:\/\/coopmourabarrancos.com\/en\/wp-json\/wp\/v2\/types\/page"}],"author":[{"embeddable":true,"href":"https:\/\/coopmourabarrancos.com\/en\/wp-json\/wp\/v2\/users\/13"}],"replies":[{"embeddable":true,"href":"https:\/\/coopmourabarrancos.com\/en\/wp-json\/wp\/v2\/comments?post=10734"}],"version-history":[{"count":0,"href":"https:\/\/coopmourabarrancos.com\/en\/wp-json\/wp\/v2\/pages\/10734\/revisions"}],"wp:attachment":[{"href":"https:\/\/coopmourabarrancos.com\/en\/wp-json\/wp\/v2\/media?parent=10734"}],"curies":[{"name":"wp","href":"https:\/\/api.w.org\/{rel}","templated":true}]}}