{"id":10730,"date":"2022-06-20T13:44:51","date_gmt":"2022-06-20T13:44:51","guid":{"rendered":"https:\/\/coopmourabarrancos.com\/recruitment\/"},"modified":"2024-06-06T18:21:43","modified_gmt":"2024-06-06T18:21:43","slug":"recruitment","status":"publish","type":"page","link":"https:\/\/coopmourabarrancos.com\/en\/recruitment\/","title":{"rendered":"Recruitment"},"content":{"rendered":"\t\t<div data-elementor-type=\"wp-page\" data-elementor-id=\"10730\" class=\"elementor elementor-10730 elementor-8937\">\n\t\t\t\t\t\t<section class=\"elementor-section elementor-top-section elementor-element elementor-element-8dab199 elementor-section-full_width wd-section-stretch elementor-section-height-default elementor-section-height-default\" data-id=\"8dab199\" data-element_type=\"section\" data-settings=\"{&quot;background_background&quot;:&quot;classic&quot;}\">\n\t\t\t\t\t\t<div class=\"elementor-container elementor-column-gap-default\">\n\t\t\t\t\t<div class=\"elementor-column elementor-col-100 elementor-top-column elementor-element elementor-element-11a2d89\" data-id=\"11a2d89\" data-element_type=\"column\">\n\t\t\t<div class=\"elementor-widget-wrap elementor-element-populated\">\n\t\t\t\t\t\t<div class=\"elementor-element elementor-element-4ca8b09 elementor-widget elementor-widget-heading\" data-id=\"4ca8b09\" data-element_type=\"widget\" data-widget_type=\"heading.default\">\n\t\t\t\t<div class=\"elementor-widget-container\">\n\t\t\t<style>\/*! elementor - v3.22.0 - 17-06-2024 *\/\n.elementor-heading-title{padding:0;margin:0;line-height:1}.elementor-widget-heading .elementor-heading-title[class*=elementor-size-]>a{color:inherit;font-size:inherit;line-height:inherit}.elementor-widget-heading .elementor-heading-title.elementor-size-small{font-size:15px}.elementor-widget-heading .elementor-heading-title.elementor-size-medium{font-size:19px}.elementor-widget-heading .elementor-heading-title.elementor-size-large{font-size:29px}.elementor-widget-heading .elementor-heading-title.elementor-size-xl{font-size:39px}.elementor-widget-heading .elementor-heading-title.elementor-size-xxl{font-size:59px}<\/style><h1 class=\"elementor-heading-title elementor-size-default\">Recruitment<\/h1>\t\t<\/div>\n\t\t\t\t<\/div>\n\t\t\t\t\t<\/div>\n\t\t<\/div>\n\t\t\t\t\t<\/div>\n\t\t<\/section>\n\t\t\t\t<section class=\"wd-negative-gap elementor-section elementor-top-section elementor-element elementor-element-ae66e24 elementor-section-boxed elementor-section-height-default elementor-section-height-default\" data-id=\"ae66e24\" data-element_type=\"section\">\n\t\t\t\t\t\t<div class=\"elementor-container elementor-column-gap-default\">\n\t\t\t\t\t<div class=\"elementor-column elementor-col-100 elementor-top-column elementor-element elementor-element-d2b25fc\" data-id=\"d2b25fc\" data-element_type=\"column\">\n\t\t\t<div class=\"elementor-widget-wrap elementor-element-populated\">\n\t\t\t\t\t\t<div class=\"elementor-element elementor-element-d231dcc elementor-widget elementor-widget-wd_text_block\" data-id=\"d231dcc\" data-element_type=\"widget\" data-widget_type=\"wd_text_block.default\">\n\t\t\t\t<div class=\"elementor-widget-container\">\n\t\t\t\t\t<div class=\"wd-text-block reset-last-child text-left\">\n\t\t\t\n\t\t\t<p>The Cooperative is constantly evolving! If you want to join our team, send us your<br>application for: <a style=\"color: #8f9b12;\" href=\"mailto:recrutamento@azeitemoura.pt\">recrutamento@azeitemoura.pt<\/a><\/p>\n\t\t\t\t\t<\/div>\n\t\t\t\t<\/div>\n\t\t\t\t<\/div>\n\t\t\t\t\t<\/div>\n\t\t<\/div>\n\t\t\t\t\t<\/div>\n\t\t<\/section>\n\t\t\t\t<section class=\"wd-negative-gap elementor-section elementor-top-section elementor-element elementor-element-b24f061 elementor-hidden-desktop elementor-hidden-tablet elementor-section-boxed elementor-section-height-default elementor-section-height-default\" data-id=\"b24f061\" data-element_type=\"section\">\n\t\t\t\t\t\t<div class=\"elementor-container elementor-column-gap-default\">\n\t\t\t\t\t<div class=\"elementor-column elementor-col-50 elementor-top-column elementor-element elementor-element-6e22ea3\" data-id=\"6e22ea3\" data-element_type=\"column\">\n\t\t\t<div class=\"elementor-widget-wrap elementor-element-populated\">\n\t\t\t\t\t\t<div class=\"elementor-element elementor-element-dfef90a elementor-widget elementor-widget-heading\" data-id=\"dfef90a\" data-element_type=\"widget\" data-widget_type=\"heading.default\">\n\t\t\t\t<div class=\"elementor-widget-container\">\n\t\t\t<h2 class=\"elementor-heading-title elementor-size-default\">Areas<\/h2>\t\t<\/div>\n\t\t\t\t<\/div>\n\t\t\t\t<section class=\"wd-negative-gap elementor-section elementor-inner-section elementor-element elementor-element-56bbc98 elementor-section-boxed elementor-section-height-default elementor-section-height-default\" data-id=\"56bbc98\" data-element_type=\"section\">\n\t\t\t\t\t\t<div class=\"elementor-container elementor-column-gap-default\">\n\t\t\t\t\t<div class=\"elementor-column elementor-col-50 elementor-inner-column elementor-element elementor-element-106f61f\" data-id=\"106f61f\" data-element_type=\"column\">\n\t\t\t<div class=\"elementor-widget-wrap elementor-element-populated\">\n\t\t\t\t\t\t<div class=\"elementor-element elementor-element-4a51ffd elementor-widget elementor-widget-wd_text_block\" data-id=\"4a51ffd\" data-element_type=\"widget\" data-widget_type=\"wd_text_block.default\">\n\t\t\t\t<div class=\"elementor-widget-container\">\n\t\t\t\t\t<div class=\"wd-text-block reset-last-child text-left\">\n\t\t\t\n\t\t\t<ul><li>Administration<\/li><li>Commercial<\/li><li>Packaging<\/li><li>Maintenance<\/li><\/ul>\n\t\t\t\t\t<\/div>\n\t\t\t\t<\/div>\n\t\t\t\t<\/div>\n\t\t\t\t\t<\/div>\n\t\t<\/div>\n\t\t\t\t<div class=\"elementor-column elementor-col-50 elementor-inner-column elementor-element elementor-element-1e8cbcb\" data-id=\"1e8cbcb\" data-element_type=\"column\">\n\t\t\t<div class=\"elementor-widget-wrap elementor-element-populated\">\n\t\t\t\t\t\t<div class=\"elementor-element elementor-element-d657858 elementor-widget elementor-widget-wd_text_block\" data-id=\"d657858\" data-element_type=\"widget\" data-widget_type=\"wd_text_block.default\">\n\t\t\t\t<div class=\"elementor-widget-container\">\n\t\t\t\t\t<div class=\"wd-text-block reset-last-child text-left\">\n\t\t\t\n\t\t\t<ul><li>Marketing<\/li><li>Mechanics<\/li><li>Technical Services<\/li><li>Quality<\/li><\/ul>\n\t\t\t\t\t<\/div>\n\t\t\t\t<\/div>\n\t\t\t\t<\/div>\n\t\t\t\t\t<\/div>\n\t\t<\/div>\n\t\t\t\t\t<\/div>\n\t\t<\/section>\n\t\t\t\t\t<\/div>\n\t\t<\/div>\n\t\t\t\t<div class=\"elementor-column elementor-col-50 elementor-top-column elementor-element elementor-element-5457371\" data-id=\"5457371\" data-element_type=\"column\">\n\t\t\t<div class=\"elementor-widget-wrap elementor-element-populated\">\n\t\t\t\t\t\t<div class=\"elementor-element elementor-element-a135a8f elementor-widget elementor-widget-heading\" data-id=\"a135a8f\" data-element_type=\"widget\" data-widget_type=\"heading.default\">\n\t\t\t\t<div class=\"elementor-widget-container\">\n\t\t\t<h2 class=\"elementor-heading-title elementor-size-default\">In Campaign<\/h2>\t\t<\/div>\n\t\t\t\t<\/div>\n\t\t\t\t<section class=\"wd-negative-gap elementor-section elementor-inner-section elementor-element elementor-element-c42da10 elementor-section-boxed elementor-section-height-default elementor-section-height-default\" data-id=\"c42da10\" data-element_type=\"section\">\n\t\t\t\t\t\t<div class=\"elementor-container elementor-column-gap-default\">\n\t\t\t\t\t<div class=\"elementor-column elementor-col-100 elementor-inner-column elementor-element elementor-element-d803d95\" data-id=\"d803d95\" data-element_type=\"column\">\n\t\t\t<div class=\"elementor-widget-wrap elementor-element-populated\">\n\t\t\t\t\t\t<div class=\"elementor-element elementor-element-1404eb4 elementor-widget elementor-widget-wd_text_block\" data-id=\"1404eb4\" data-element_type=\"widget\" data-widget_type=\"wd_text_block.default\">\n\t\t\t\t<div class=\"elementor-widget-container\">\n\t\t\t\t\t<div class=\"wd-text-block reset-last-child text-left\">\n\t\t\t\n\t\t\t<ul><li>Olive reception<\/li><li>Press operation<\/li><\/ul>\n\t\t\t\t\t<\/div>\n\t\t\t\t<\/div>\n\t\t\t\t<\/div>\n\t\t\t\t\t<\/div>\n\t\t<\/div>\n\t\t\t\t\t<\/div>\n\t\t<\/section>\n\t\t\t\t\t<\/div>\n\t\t<\/div>\n\t\t\t\t\t<\/div>\n\t\t<\/section>\n\t\t\t\t<section class=\"wd-negative-gap elementor-section elementor-top-section elementor-element elementor-element-3a4909a elementor-hidden-mobile elementor-section-boxed elementor-section-height-default elementor-section-height-default\" data-id=\"3a4909a\" data-element_type=\"section\">\n\t\t\t\t\t\t<div class=\"elementor-container elementor-column-gap-default\">\n\t\t\t\t\t<div class=\"elementor-column elementor-col-50 elementor-top-column elementor-element elementor-element-278e8f5\" data-id=\"278e8f5\" data-element_type=\"column\">\n\t\t\t<div class=\"elementor-widget-wrap elementor-element-populated\">\n\t\t\t\t\t\t<div class=\"elementor-element elementor-element-2856426 elementor-widget elementor-widget-heading\" data-id=\"2856426\" data-element_type=\"widget\" data-widget_type=\"heading.default\">\n\t\t\t\t<div class=\"elementor-widget-container\">\n\t\t\t<h2 class=\"elementor-heading-title elementor-size-default\">Areas<\/h2>\t\t<\/div>\n\t\t\t\t<\/div>\n\t\t\t\t<section class=\"wd-negative-gap elementor-section elementor-inner-section elementor-element elementor-element-4d3f608 elementor-section-boxed elementor-section-height-default elementor-section-height-default\" data-id=\"4d3f608\" data-element_type=\"section\">\n\t\t\t\t\t\t<div class=\"elementor-container elementor-column-gap-default\">\n\t\t\t\t\t<div class=\"elementor-column elementor-col-33 elementor-inner-column elementor-element elementor-element-7973ce3\" data-id=\"7973ce3\" data-element_type=\"column\">\n\t\t\t<div class=\"elementor-widget-wrap elementor-element-populated\">\n\t\t\t\t\t\t<div class=\"elementor-element elementor-element-3c99581 elementor-widget elementor-widget-wd_text_block\" data-id=\"3c99581\" data-element_type=\"widget\" data-widget_type=\"wd_text_block.default\">\n\t\t\t\t<div class=\"elementor-widget-container\">\n\t\t\t\t\t<div class=\"wd-text-block reset-last-child text-left\">\n\t\t\t\n\t\t\t<ul><li>Administration<\/li><li>Commercial<\/li><li>Packaging<\/li><\/ul>\n\t\t\t\t\t<\/div>\n\t\t\t\t<\/div>\n\t\t\t\t<\/div>\n\t\t\t\t\t<\/div>\n\t\t<\/div>\n\t\t\t\t<div class=\"elementor-column elementor-col-33 elementor-inner-column elementor-element elementor-element-a3eed9c\" data-id=\"a3eed9c\" data-element_type=\"column\">\n\t\t\t<div class=\"elementor-widget-wrap elementor-element-populated\">\n\t\t\t\t\t\t<div class=\"elementor-element elementor-element-36c4475 elementor-widget elementor-widget-wd_text_block\" data-id=\"36c4475\" data-element_type=\"widget\" data-widget_type=\"wd_text_block.default\">\n\t\t\t\t<div class=\"elementor-widget-container\">\n\t\t\t\t\t<div class=\"wd-text-block reset-last-child text-left\">\n\t\t\t\n\t\t\t<ul><li>Maintenance<\/li><li>Marketing<\/li><li>Mechanics<\/li><\/ul>\n\t\t\t\t\t<\/div>\n\t\t\t\t<\/div>\n\t\t\t\t<\/div>\n\t\t\t\t\t<\/div>\n\t\t<\/div>\n\t\t\t\t<div class=\"elementor-column elementor-col-33 elementor-inner-column elementor-element elementor-element-1444b90\" data-id=\"1444b90\" data-element_type=\"column\">\n\t\t\t<div class=\"elementor-widget-wrap elementor-element-populated\">\n\t\t\t\t\t\t<div class=\"elementor-element elementor-element-1eaf0d8 elementor-widget elementor-widget-wd_text_block\" data-id=\"1eaf0d8\" data-element_type=\"widget\" data-widget_type=\"wd_text_block.default\">\n\t\t\t\t<div class=\"elementor-widget-container\">\n\t\t\t\t\t<div class=\"wd-text-block reset-last-child text-left\">\n\t\t\t\n\t\t\t<ul><li>Technical Services<\/li><li>Quality<\/li><\/ul>\n\t\t\t\t\t<\/div>\n\t\t\t\t<\/div>\n\t\t\t\t<\/div>\n\t\t\t\t\t<\/div>\n\t\t<\/div>\n\t\t\t\t\t<\/div>\n\t\t<\/section>\n\t\t\t\t\t<\/div>\n\t\t<\/div>\n\t\t\t\t<div class=\"elementor-column elementor-col-50 elementor-top-column elementor-element elementor-element-0a5f65d\" data-id=\"0a5f65d\" data-element_type=\"column\">\n\t\t\t<div class=\"elementor-widget-wrap elementor-element-populated\">\n\t\t\t\t\t\t<div class=\"elementor-element elementor-element-478532a elementor-widget elementor-widget-heading\" data-id=\"478532a\" data-element_type=\"widget\" data-widget_type=\"heading.default\">\n\t\t\t\t<div class=\"elementor-widget-container\">\n\t\t\t<h2 class=\"elementor-heading-title elementor-size-default\">In Campaign<\/h2>\t\t<\/div>\n\t\t\t\t<\/div>\n\t\t\t\t<section class=\"wd-negative-gap elementor-section elementor-inner-section elementor-element elementor-element-4f59360 elementor-section-boxed elementor-section-height-default elementor-section-height-default\" data-id=\"4f59360\" data-element_type=\"section\">\n\t\t\t\t\t\t<div class=\"elementor-container elementor-column-gap-default\">\n\t\t\t\t\t<div class=\"elementor-column elementor-col-100 elementor-inner-column elementor-element elementor-element-4589469\" data-id=\"4589469\" data-element_type=\"column\">\n\t\t\t<div class=\"elementor-widget-wrap elementor-element-populated\">\n\t\t\t\t\t\t<div class=\"elementor-element elementor-element-ad58254 elementor-widget elementor-widget-wd_text_block\" data-id=\"ad58254\" data-element_type=\"widget\" data-widget_type=\"wd_text_block.default\">\n\t\t\t\t<div class=\"elementor-widget-container\">\n\t\t\t\t\t<div class=\"wd-text-block reset-last-child text-left\">\n\t\t\t\n\t\t\t<ul><li>Olive reception<\/li><li>Press operation<\/li><\/ul>\n\t\t\t\t\t<\/div>\n\t\t\t\t<\/div>\n\t\t\t\t<\/div>\n\t\t\t\t\t<\/div>\n\t\t<\/div>\n\t\t\t\t\t<\/div>\n\t\t<\/section>\n\t\t\t\t\t<\/div>\n\t\t<\/div>\n\t\t\t\t\t<\/div>\n\t\t<\/section>\n\t\t\t\t<\/div>\n\t\t","protected":false},"excerpt":{"rendered":"<p>Recruitment The Cooperative is constantly evolving! If you want to join our team, send us your application for: recrutamento@azeitemoura.pt Areas<\/p>\n","protected":false},"author":1,"featured_media":0,"parent":0,"menu_order":0,"comment_status":"closed","ping_status":"closed","template":"","meta":{"footnotes":""},"class_list":["post-10730","page","type-page","status-publish","hentry"],"yoast_head":"<!-- This site is optimized with the Yoast SEO plugin v22.9 - https:\/\/yoast.com\/wordpress\/plugins\/seo\/ -->\n<title>Recruitment - Cooperativa Moura Barrancos<\/title>\n<meta name=\"robots\" content=\"index, follow, max-snippet:-1, max-image-preview:large, max-video-preview:-1\" \/>\n<link rel=\"canonical\" href=\"https:\/\/coopmourabarrancos.com\/en\/recruitment\/\" \/>\n<meta property=\"og:locale\" content=\"en_US\" \/>\n<meta property=\"og:type\" content=\"article\" \/>\n<meta property=\"og:title\" content=\"Recruitment - Cooperativa Moura Barrancos\" \/>\n<meta property=\"og:description\" content=\"Recruitment The Cooperative is constantly evolving! If you want to join our team, send us your application for: recrutamento@azeitemoura.pt Areas\" \/>\n<meta property=\"og:url\" content=\"https:\/\/coopmourabarrancos.com\/en\/recruitment\/\" \/>\n<meta property=\"og:site_name\" content=\"Cooperativa Moura Barrancos\" \/>\n<meta property=\"article:publisher\" content=\"https:\/\/www.facebook.com\/coopmourabarrancos\" \/>\n<meta property=\"article:modified_time\" content=\"2024-06-06T18:21:43+00:00\" \/>\n<meta property=\"og:image\" content=\"https:\/\/coopmourabarrancos.com\/wp-content\/uploads\/2024\/06\/banner-cooperativa-moura-barrancos.png\" \/>\n\t<meta property=\"og:image:width\" content=\"1200\" \/>\n\t<meta property=\"og:image:height\" content=\"675\" \/>\n\t<meta property=\"og:image:type\" content=\"image\/png\" \/>\n<meta name=\"twitter:card\" content=\"summary_large_image\" \/>\n<meta name=\"twitter:label1\" content=\"Est. reading time\" \/>\n\t<meta name=\"twitter:data1\" content=\"1 minute\" \/>\n<script type=\"application\/ld+json\" class=\"yoast-schema-graph\">{\"@context\":\"https:\/\/schema.org\",\"@graph\":[{\"@type\":\"WebPage\",\"@id\":\"https:\/\/coopmourabarrancos.com\/en\/recruitment\/\",\"url\":\"https:\/\/coopmourabarrancos.com\/en\/recruitment\/\",\"name\":\"Recruitment - Cooperativa Moura Barrancos\",\"isPartOf\":{\"@id\":\"https:\/\/coopmourabarrancos.com\/#website\"},\"datePublished\":\"2022-06-20T13:44:51+00:00\",\"dateModified\":\"2024-06-06T18:21:43+00:00\",\"breadcrumb\":{\"@id\":\"https:\/\/coopmourabarrancos.com\/en\/recruitment\/#breadcrumb\"},\"inLanguage\":\"en-US\",\"potentialAction\":[{\"@type\":\"ReadAction\",\"target\":[\"https:\/\/coopmourabarrancos.com\/en\/recruitment\/\"]}]},{\"@type\":\"BreadcrumbList\",\"@id\":\"https:\/\/coopmourabarrancos.com\/en\/recruitment\/#breadcrumb\",\"itemListElement\":[{\"@type\":\"ListItem\",\"position\":1,\"name\":\"In\u00edcio\",\"item\":\"https:\/\/coopmourabarrancos.com\/en\/\"},{\"@type\":\"ListItem\",\"position\":2,\"name\":\"Recruitment\"}]},{\"@type\":\"WebSite\",\"@id\":\"https:\/\/coopmourabarrancos.com\/#website\",\"url\":\"https:\/\/coopmourabarrancos.com\/\",\"name\":\"Cooperativa Agr\u00edcola de Moura e Barrancos\",\"description\":\"A Cooperativa Agr\u00edcola de Moura e Barrancos foi fundada em 1954, com a principal miss\u00e3o de dar resposta competitiva \u00e0s produ\u00e7\u00f5es de azeitona dos seus fundadores.\",\"publisher\":{\"@id\":\"https:\/\/coopmourabarrancos.com\/#organization\"},\"alternateName\":\"Cooperativa Moura Barrancos\",\"potentialAction\":[{\"@type\":\"SearchAction\",\"target\":{\"@type\":\"EntryPoint\",\"urlTemplate\":\"https:\/\/coopmourabarrancos.com\/?s={search_term_string}\"},\"query-input\":\"required name=search_term_string\"}],\"inLanguage\":\"en-US\"},{\"@type\":\"Organization\",\"@id\":\"https:\/\/coopmourabarrancos.com\/#organization\",\"name\":\"Cooperativa Agr\u00edcola de Moura e Barrancos\",\"alternateName\":\"Cooperativa Moura Barrancos\",\"url\":\"https:\/\/coopmourabarrancos.com\/\",\"logo\":{\"@type\":\"ImageObject\",\"inLanguage\":\"en-US\",\"@id\":\"https:\/\/coopmourabarrancos.com\/#\/schema\/logo\/image\/\",\"url\":\"https:\/\/dev.coopmourabarrancos.com\/wp-content\/uploads\/2021\/10\/Logo-CMB-03.png\",\"contentUrl\":\"https:\/\/dev.coopmourabarrancos.com\/wp-content\/uploads\/2021\/10\/Logo-CMB-03.png\",\"width\":334,\"height\":280,\"caption\":\"Cooperativa Agr\u00edcola de Moura e Barrancos\"},\"image\":{\"@id\":\"https:\/\/coopmourabarrancos.com\/#\/schema\/logo\/image\/\"},\"sameAs\":[\"https:\/\/www.facebook.com\/coopmourabarrancos\",\"https:\/\/www.linkedin.com\/company\/camb\/\",\"https:\/\/www.youtube.com\/@CoopMouraBarrancos\",\"https:\/\/www.instagram.com\/cooperativamourabarrancos\/\"]}]}<\/script>\n<!-- \/ Yoast SEO plugin. -->","yoast_head_json":{"title":"Recruitment - Cooperativa Moura Barrancos","robots":{"index":"index","follow":"follow","max-snippet":"max-snippet:-1","max-image-preview":"max-image-preview:large","max-video-preview":"max-video-preview:-1"},"canonical":"https:\/\/coopmourabarrancos.com\/en\/recruitment\/","og_locale":"en_US","og_type":"article","og_title":"Recruitment - Cooperativa Moura Barrancos","og_description":"Recruitment The Cooperative is constantly evolving! If you want to join our team, send us your application for: recrutamento@azeitemoura.pt Areas","og_url":"https:\/\/coopmourabarrancos.com\/en\/recruitment\/","og_site_name":"Cooperativa Moura Barrancos","article_publisher":"https:\/\/www.facebook.com\/coopmourabarrancos","article_modified_time":"2024-06-06T18:21:43+00:00","og_image":[{"width":1200,"height":675,"url":"https:\/\/coopmourabarrancos.com\/wp-content\/uploads\/2024\/06\/banner-cooperativa-moura-barrancos.png","type":"image\/png"}],"twitter_card":"summary_large_image","twitter_misc":{"Est. reading time":"1 minute"},"schema":{"@context":"https:\/\/schema.org","@graph":[{"@type":"WebPage","@id":"https:\/\/coopmourabarrancos.com\/en\/recruitment\/","url":"https:\/\/coopmourabarrancos.com\/en\/recruitment\/","name":"Recruitment - Cooperativa Moura Barrancos","isPartOf":{"@id":"https:\/\/coopmourabarrancos.com\/#website"},"datePublished":"2022-06-20T13:44:51+00:00","dateModified":"2024-06-06T18:21:43+00:00","breadcrumb":{"@id":"https:\/\/coopmourabarrancos.com\/en\/recruitment\/#breadcrumb"},"inLanguage":"en-US","potentialAction":[{"@type":"ReadAction","target":["https:\/\/coopmourabarrancos.com\/en\/recruitment\/"]}]},{"@type":"BreadcrumbList","@id":"https:\/\/coopmourabarrancos.com\/en\/recruitment\/#breadcrumb","itemListElement":[{"@type":"ListItem","position":1,"name":"In\u00edcio","item":"https:\/\/coopmourabarrancos.com\/en\/"},{"@type":"ListItem","position":2,"name":"Recruitment"}]},{"@type":"WebSite","@id":"https:\/\/coopmourabarrancos.com\/#website","url":"https:\/\/coopmourabarrancos.com\/","name":"Cooperativa Agr\u00edcola de Moura e Barrancos","description":"A Cooperativa Agr\u00edcola de Moura e Barrancos foi fundada em 1954, com a principal miss\u00e3o de dar resposta competitiva \u00e0s produ\u00e7\u00f5es de azeitona dos seus fundadores.","publisher":{"@id":"https:\/\/coopmourabarrancos.com\/#organization"},"alternateName":"Cooperativa Moura Barrancos","potentialAction":[{"@type":"SearchAction","target":{"@type":"EntryPoint","urlTemplate":"https:\/\/coopmourabarrancos.com\/?s={search_term_string}"},"query-input":"required name=search_term_string"}],"inLanguage":"en-US"},{"@type":"Organization","@id":"https:\/\/coopmourabarrancos.com\/#organization","name":"Cooperativa Agr\u00edcola de Moura e Barrancos","alternateName":"Cooperativa Moura Barrancos","url":"https:\/\/coopmourabarrancos.com\/","logo":{"@type":"ImageObject","inLanguage":"en-US","@id":"https:\/\/coopmourabarrancos.com\/#\/schema\/logo\/image\/","url":"https:\/\/dev.coopmourabarrancos.com\/wp-content\/uploads\/2021\/10\/Logo-CMB-03.png","contentUrl":"https:\/\/dev.coopmourabarrancos.com\/wp-content\/uploads\/2021\/10\/Logo-CMB-03.png","width":334,"height":280,"caption":"Cooperativa Agr\u00edcola de Moura e Barrancos"},"image":{"@id":"https:\/\/coopmourabarrancos.com\/#\/schema\/logo\/image\/"},"sameAs":["https:\/\/www.facebook.com\/coopmourabarrancos","https:\/\/www.linkedin.com\/company\/camb\/","https:\/\/www.youtube.com\/@CoopMouraBarrancos","https:\/\/www.instagram.com\/cooperativamourabarrancos\/"]}]}},"_links":{"self":[{"href":"https:\/\/coopmourabarrancos.com\/en\/wp-json\/wp\/v2\/pages\/10730","targetHints":{"allow":["GET"]}}],"collection":[{"href":"https:\/\/coopmourabarrancos.com\/en\/wp-json\/wp\/v2\/pages"}],"about":[{"href":"https:\/\/coopmourabarrancos.com\/en\/wp-json\/wp\/v2\/types\/page"}],"author":[{"embeddable":true,"href":"https:\/\/coopmourabarrancos.com\/en\/wp-json\/wp\/v2\/users\/1"}],"replies":[{"embeddable":true,"href":"https:\/\/coopmourabarrancos.com\/en\/wp-json\/wp\/v2\/comments?post=10730"}],"version-history":[{"count":0,"href":"https:\/\/coopmourabarrancos.com\/en\/wp-json\/wp\/v2\/pages\/10730\/revisions"}],"wp:attachment":[{"href":"https:\/\/coopmourabarrancos.com\/en\/wp-json\/wp\/v2\/media?parent=10730"}],"curies":[{"name":"wp","href":"https:\/\/api.w.org\/{rel}","templated":true}]}}