{"id":10717,"date":"2022-06-20T12:46:23","date_gmt":"2022-06-20T12:46:23","guid":{"rendered":"https:\/\/coopmourabarrancos.com\/locations\/"},"modified":"2024-06-06T17:20:17","modified_gmt":"2024-06-06T17:20:17","slug":"locations","status":"publish","type":"page","link":"https:\/\/coopmourabarrancos.com\/en\/locations\/","title":{"rendered":"Locations"},"content":{"rendered":"\t\t<div data-elementor-type=\"wp-page\" data-elementor-id=\"10717\" class=\"elementor elementor-10717 elementor-8900\">\n\t\t\t\t\t\t<section class=\"elementor-section elementor-top-section elementor-element elementor-element-8dab199 elementor-section-full_width wd-section-stretch elementor-section-height-default elementor-section-height-default\" data-id=\"8dab199\" data-element_type=\"section\" data-settings=\"{&quot;background_background&quot;:&quot;classic&quot;}\">\n\t\t\t\t\t\t<div class=\"elementor-container elementor-column-gap-default\">\n\t\t\t\t\t<div class=\"elementor-column elementor-col-100 elementor-top-column elementor-element elementor-element-11a2d89\" data-id=\"11a2d89\" data-element_type=\"column\">\n\t\t\t<div class=\"elementor-widget-wrap elementor-element-populated\">\n\t\t\t\t\t\t<div class=\"elementor-element elementor-element-4ca8b09 elementor-widget elementor-widget-heading\" data-id=\"4ca8b09\" data-element_type=\"widget\" data-widget_type=\"heading.default\">\n\t\t\t\t<div class=\"elementor-widget-container\">\n\t\t\t<style>\/*! elementor - v3.22.0 - 17-06-2024 *\/\n.elementor-heading-title{padding:0;margin:0;line-height:1}.elementor-widget-heading .elementor-heading-title[class*=elementor-size-]>a{color:inherit;font-size:inherit;line-height:inherit}.elementor-widget-heading .elementor-heading-title.elementor-size-small{font-size:15px}.elementor-widget-heading .elementor-heading-title.elementor-size-medium{font-size:19px}.elementor-widget-heading .elementor-heading-title.elementor-size-large{font-size:29px}.elementor-widget-heading .elementor-heading-title.elementor-size-xl{font-size:39px}.elementor-widget-heading .elementor-heading-title.elementor-size-xxl{font-size:59px}<\/style><h1 class=\"elementor-heading-title elementor-size-default\">Locations<\/h1>\t\t<\/div>\n\t\t\t\t<\/div>\n\t\t\t\t\t<\/div>\n\t\t<\/div>\n\t\t\t\t\t<\/div>\n\t\t<\/section>\n\t\t\t\t<section class=\"wd-negative-gap elementor-section elementor-top-section elementor-element elementor-element-ffaaf5b elementor-section-boxed elementor-section-height-default elementor-section-height-default\" data-id=\"ffaaf5b\" data-element_type=\"section\">\n\t\t\t\t\t\t<div class=\"elementor-container elementor-column-gap-default\">\n\t\t\t\t\t<div class=\"elementor-column elementor-col-100 elementor-top-column elementor-element elementor-element-bc5b4fc\" data-id=\"bc5b4fc\" data-element_type=\"column\">\n\t\t\t<div class=\"elementor-widget-wrap elementor-element-populated\">\n\t\t\t\t\t\t<div class=\"elementor-element elementor-element-8327ec0 postos-de-rececao elementor-widget elementor-widget-heading\" data-id=\"8327ec0\" data-element_type=\"widget\" data-widget_type=\"heading.default\">\n\t\t\t\t<div class=\"elementor-widget-container\">\n\t\t\t<div class=\"elementor-heading-title elementor-size-default\">Posts  <br>Reception<\/div>\t\t<\/div>\n\t\t\t\t<\/div>\n\t\t\t\t<div class=\"elementor-element elementor-element-f726989 elementor-widget elementor-widget-heading\" data-id=\"f726989\" data-element_type=\"widget\" data-widget_type=\"heading.default\">\n\t\t\t\t<div class=\"elementor-widget-container\">\n\t\t\t<h2 class=\"elementor-heading-title elementor-size-default\">Reception desks<\/h2>\t\t<\/div>\n\t\t\t\t<\/div>\n\t\t\t\t\t<\/div>\n\t\t<\/div>\n\t\t\t\t\t<\/div>\n\t\t<\/section>\n\t\t\t\t<section class=\"wd-negative-gap elementor-section elementor-top-section elementor-element elementor-element-c4d6223 elementor-section-boxed elementor-section-height-default elementor-section-height-default\" data-id=\"c4d6223\" data-element_type=\"section\">\n\t\t\t\t\t\t<div class=\"elementor-container elementor-column-gap-default\">\n\t\t\t\t\t<div class=\"elementor-column elementor-col-25 elementor-top-column elementor-element elementor-element-66125b8\" data-id=\"66125b8\" data-element_type=\"column\">\n\t\t\t<div class=\"elementor-widget-wrap elementor-element-populated\">\n\t\t\t\t\t\t<div class=\"elementor-element elementor-element-99c7fe9 elementor-widget elementor-widget-heading\" data-id=\"99c7fe9\" data-element_type=\"widget\" data-widget_type=\"heading.default\">\n\t\t\t\t<div class=\"elementor-widget-container\">\n\t\t\t<h2 class=\"elementor-heading-title elementor-size-default\">Amareleja<\/h2>\t\t<\/div>\n\t\t\t\t<\/div>\n\t\t\t\t<div class=\"elementor-element elementor-element-5baa0b8 elementor-widget elementor-widget-wd_text_block\" data-id=\"5baa0b8\" data-element_type=\"widget\" data-widget_type=\"wd_text_block.default\">\n\t\t\t\t<div class=\"elementor-widget-container\">\n\t\t\t\t\t<div class=\"wd-text-block reset-last-child text-left\">\n\t\t\t\n\t\t\t<p>Address: Rua da Igreja<br>Postal Code: 7885-034 Amareleja<br>Telephone: 285 982 211<br>Email: <a style=\"color: #8f9b12;\" href=\"mailto:amareleja@azeitemoura.pt\">amareleja@azeitemoura.pt<\/a><\/p>\n\t\t\t\t\t<\/div>\n\t\t\t\t<\/div>\n\t\t\t\t<\/div>\n\t\t\t\t\t<\/div>\n\t\t<\/div>\n\t\t\t\t<div class=\"elementor-column elementor-col-25 elementor-top-column elementor-element elementor-element-913bd0a\" data-id=\"913bd0a\" data-element_type=\"column\">\n\t\t\t<div class=\"elementor-widget-wrap elementor-element-populated\">\n\t\t\t\t\t\t<div class=\"elementor-element elementor-element-7e5fecc elementor-widget elementor-widget-heading\" data-id=\"7e5fecc\" data-element_type=\"widget\" data-widget_type=\"heading.default\">\n\t\t\t\t<div class=\"elementor-widget-container\">\n\t\t\t<h2 class=\"elementor-heading-title elementor-size-default\">Barrancos<\/h2>\t\t<\/div>\n\t\t\t\t<\/div>\n\t\t\t\t<div class=\"elementor-element elementor-element-702c613 elementor-widget elementor-widget-wd_text_block\" data-id=\"702c613\" data-element_type=\"widget\" data-widget_type=\"wd_text_block.default\">\n\t\t\t\t<div class=\"elementor-widget-container\">\n\t\t\t\t\t<div class=\"wd-text-block reset-last-child text-left\">\n\t\t\t\n\t\t\t<p>Address: Rua do Cadaval, 35<br>Postal Code: 7230-016 Barrancos<br>Telephone: 285 958 157<br>Email: <a style=\"color: #8f9b12;\" href=\"mailto:barrancos@azeitemoura.pt\">barrancos@azeitemoura.pt<\/a><\/p>\n\t\t\t\t\t<\/div>\n\t\t\t\t<\/div>\n\t\t\t\t<\/div>\n\t\t\t\t\t<\/div>\n\t\t<\/div>\n\t\t\t\t<div class=\"elementor-column elementor-col-25 elementor-top-column elementor-element elementor-element-37c5999\" data-id=\"37c5999\" data-element_type=\"column\">\n\t\t\t<div class=\"elementor-widget-wrap elementor-element-populated\">\n\t\t\t\t\t\t<div class=\"elementor-element elementor-element-b48db02 elementor-widget elementor-widget-heading\" data-id=\"b48db02\" data-element_type=\"widget\" data-widget_type=\"heading.default\">\n\t\t\t\t<div class=\"elementor-widget-container\">\n\t\t\t<h2 class=\"elementor-heading-title elementor-size-default\">P\u00f3voa de S. Miguel<\/h2>\t\t<\/div>\n\t\t\t\t<\/div>\n\t\t\t\t<div class=\"elementor-element elementor-element-2e2c095 elementor-widget elementor-widget-wd_text_block\" data-id=\"2e2c095\" data-element_type=\"widget\" data-widget_type=\"wd_text_block.default\">\n\t\t\t\t<div class=\"elementor-widget-container\">\n\t\t\t\t\t<div class=\"wd-text-block reset-last-child text-left\">\n\t\t\t\n\t\t\t<p>Address: Estrada Nacional, n\u00ba386<br>Postal Code: 7885-281 P\u00f3voa de S.Miguel<br>Telephone: 285 915 156<br>Email: <a style=\"color: #8f9b12;\" href=\"mailto:povoa@azeitemoura.pt\">povoa@azeitemoura.pt<\/a><\/p>\n\t\t\t\t\t<\/div>\n\t\t\t\t<\/div>\n\t\t\t\t<\/div>\n\t\t\t\t\t<\/div>\n\t\t<\/div>\n\t\t\t\t<div class=\"elementor-column elementor-col-25 elementor-top-column elementor-element elementor-element-1b7d78d\" data-id=\"1b7d78d\" data-element_type=\"column\">\n\t\t\t<div class=\"elementor-widget-wrap elementor-element-populated\">\n\t\t\t\t\t\t<div class=\"elementor-element elementor-element-7a83a33 elementor-widget elementor-widget-heading\" data-id=\"7a83a33\" data-element_type=\"widget\" data-widget_type=\"heading.default\">\n\t\t\t\t<div class=\"elementor-widget-container\">\n\t\t\t<h2 class=\"elementor-heading-title elementor-size-default\">Sobral da Adi\u00e7a<\/h2>\t\t<\/div>\n\t\t\t\t<\/div>\n\t\t\t\t<div class=\"elementor-element elementor-element-cb3e515 elementor-widget elementor-widget-wd_text_block\" data-id=\"cb3e515\" data-element_type=\"widget\" data-widget_type=\"wd_text_block.default\">\n\t\t\t\t<div class=\"elementor-widget-container\">\n\t\t\t\t\t<div class=\"wd-text-block reset-last-child text-left\">\n\t\t\t\n\t\t\t<p>Address: National Road 385<br>Postal Code: 7875-318 Sobral da Adi\u00e7a<br>Phone: 285 975 103<br>Email: <a style=\"color: #8f9b12;\" href=\"mailto:sobral@azeitemoura.pt\">sobral@azeitemoura.pt<\/a><\/p>\n\t\t\t\t\t<\/div>\n\t\t\t\t<\/div>\n\t\t\t\t<\/div>\n\t\t\t\t\t<\/div>\n\t\t<\/div>\n\t\t\t\t\t<\/div>\n\t\t<\/section>\n\t\t\t\t<section class=\"wd-negative-gap elementor-section elementor-top-section elementor-element elementor-element-4afa6b0 elementor-section-boxed elementor-section-height-default elementor-section-height-default\" data-id=\"4afa6b0\" data-element_type=\"section\">\n\t\t\t\t\t\t<div class=\"elementor-container elementor-column-gap-default\">\n\t\t\t\t\t<div class=\"elementor-column elementor-col-100 elementor-top-column elementor-element elementor-element-a799cc3\" data-id=\"a799cc3\" data-element_type=\"column\">\n\t\t\t<div class=\"elementor-widget-wrap elementor-element-populated\">\n\t\t\t\t\t\t<div class=\"elementor-element elementor-element-0ac8b1b postos-de-rececao elementor-widget elementor-widget-heading\" data-id=\"0ac8b1b\" data-element_type=\"widget\" data-widget_type=\"heading.default\">\n\t\t\t\t<div class=\"elementor-widget-container\">\n\t\t\t<div class=\"elementor-heading-title elementor-size-default\">Headquarters<\/div>\t\t<\/div>\n\t\t\t\t<\/div>\n\t\t\t\t<div class=\"elementor-element elementor-element-c026c51 elementor-widget elementor-widget-heading\" data-id=\"c026c51\" data-element_type=\"widget\" data-widget_type=\"heading.default\">\n\t\t\t\t<div class=\"elementor-widget-container\">\n\t\t\t<h2 class=\"elementor-heading-title elementor-size-default\">Headquarters<\/h2>\t\t<\/div>\n\t\t\t\t<\/div>\n\t\t\t\t\t<\/div>\n\t\t<\/div>\n\t\t\t\t\t<\/div>\n\t\t<\/section>\n\t\t\t\t<section class=\"wd-negative-gap elementor-section elementor-top-section elementor-element elementor-element-6fe1db7 elementor-section-boxed elementor-section-height-default elementor-section-height-default\" data-id=\"6fe1db7\" data-element_type=\"section\">\n\t\t\t\t\t\t<div class=\"elementor-container elementor-column-gap-default\">\n\t\t\t\t\t<div class=\"elementor-column elementor-col-100 elementor-top-column elementor-element elementor-element-d873e94\" data-id=\"d873e94\" data-element_type=\"column\">\n\t\t\t<div class=\"elementor-widget-wrap elementor-element-populated\">\n\t\t\t\t\t\t<div class=\"elementor-element elementor-element-1e1e573 elementor-widget elementor-widget-wd_text_block\" data-id=\"1e1e573\" data-element_type=\"widget\" data-widget_type=\"wd_text_block.default\">\n\t\t\t\t<div class=\"elementor-widget-container\">\n\t\t\t\t\t<div class=\"wd-text-block reset-last-child text-left\">\n\t\t\t\n\t\t\t<h2 class=\"elementor-heading-title elementor-size-default elementor-inline-editing pen\" style=\"font-style: normal; font-variant-ligatures: normal; font-variant-caps: normal; font-weight: 500; font-family: 'Playfair Display', Arial, Helvetica, sans-serif; font-size: 25px; text-transform: none;\" data-elementor-setting-key=\"title\" data-pen-placeholder=\"Digite aqui...\">Moura<\/h2>\n\t\t\t\t\t<\/div>\n\t\t\t\t<\/div>\n\t\t\t\t<\/div>\n\t\t\t\t\t<\/div>\n\t\t<\/div>\n\t\t\t\t\t<\/div>\n\t\t<\/section>\n\t\t\t\t<section class=\"wd-negative-gap elementor-section elementor-top-section elementor-element elementor-element-4211387 elementor-section-boxed elementor-section-height-default elementor-section-height-default\" data-id=\"4211387\" data-element_type=\"section\">\n\t\t\t\t\t\t<div class=\"elementor-container elementor-column-gap-default\">\n\t\t\t\t\t<div class=\"elementor-column elementor-col-100 elementor-top-column elementor-element elementor-element-f2af295\" data-id=\"f2af295\" data-element_type=\"column\">\n\t\t\t<div class=\"elementor-widget-wrap elementor-element-populated\">\n\t\t\t\t\t\t<div class=\"elementor-element elementor-element-b3eaa35 elementor-widget elementor-widget-wd_text_block\" data-id=\"b3eaa35\" data-element_type=\"widget\" data-widget_type=\"wd_text_block.default\">\n\t\t\t\t<div class=\"elementor-widget-container\">\n\t\t\t\t\t<div class=\"wd-text-block reset-last-child text-left\">\n\t\t\t\n\t\t\t<p><span style=\"font-family: Lato, sans-serif; font-size: 14px; font-style: normal; font-variant-ligatures: normal; font-variant-caps: normal; font-weight: 400;\">Address: Rua das For\u00e7as Armadas, 9<\/span><br style=\"font-family: Lato, sans-serif;\"><span style=\"font-family: Lato, sans-serif; font-size: 14px; font-style: normal; font-variant-ligatures: normal; font-variant-caps: normal; font-weight: 400;\">Postal code: 7860- 034 Moura<\/span><br style=\"font-family: Lato, sans-serif;\"><span style=\"font-family: Lato, sans-serif; font-size: 14px; font-style: normal; font-variant-ligatures: normal; font-variant-caps: normal; font-weight: 400;\">Telephone: 285 250 720<\/span><br style=\"font-family: Lato, sans-serif;\"><span style=\"font-family: Lato, sans-serif; font-size: 14px; font-style: normal; font-variant-ligatures: normal; font-variant-caps: normal; font-weight: 400;\">Email: general<\/span><a style=\"font-style: normal; font-variant-ligatures: normal; font-variant-caps: normal; font-weight: 400; font-family: Lato, sans-serif; font-size: 14px; color: #8f9b12;\" href=\"mailto:amareleja@azeitemoura.pt\">@azeitemoura.pt<\/a><\/p>\n\t\t\t\t\t<\/div>\n\t\t\t\t<\/div>\n\t\t\t\t<\/div>\n\t\t\t\t\t<\/div>\n\t\t<\/div>\n\t\t\t\t\t<\/div>\n\t\t<\/section>\n\t\t\t\t<\/div>\n\t\t","protected":false},"excerpt":{"rendered":"<p>Locations Posts Reception Reception desks Amareleja Address: Rua da Igreja Postal Code: 7885-034 Amareleja Telephone: 285 982 211 Email: amareleja@azeitemoura.pt<\/p>\n","protected":false},"author":1,"featured_media":0,"parent":0,"menu_order":0,"comment_status":"closed","ping_status":"closed","template":"","meta":{"footnotes":""},"class_list":["post-10717","page","type-page","status-publish","hentry"],"yoast_head":"<!-- This site is optimized with the Yoast SEO plugin v22.9 - https:\/\/yoast.com\/wordpress\/plugins\/seo\/ -->\n<title>Locations - Cooperativa Moura Barrancos<\/title>\n<meta name=\"robots\" content=\"index, follow, max-snippet:-1, max-image-preview:large, max-video-preview:-1\" \/>\n<link rel=\"canonical\" href=\"https:\/\/coopmourabarrancos.com\/en\/locations\/\" \/>\n<meta property=\"og:locale\" content=\"en_US\" \/>\n<meta property=\"og:type\" content=\"article\" \/>\n<meta property=\"og:title\" content=\"Locations - Cooperativa Moura Barrancos\" \/>\n<meta property=\"og:description\" content=\"Locations Posts Reception Reception desks Amareleja Address: Rua da Igreja Postal Code: 7885-034 Amareleja Telephone: 285 982 211 Email: amareleja@azeitemoura.pt\" \/>\n<meta property=\"og:url\" content=\"https:\/\/coopmourabarrancos.com\/en\/locations\/\" \/>\n<meta property=\"og:site_name\" content=\"Cooperativa Moura Barrancos\" \/>\n<meta property=\"article:publisher\" content=\"https:\/\/www.facebook.com\/coopmourabarrancos\" \/>\n<meta property=\"article:modified_time\" content=\"2024-06-06T17:20:17+00:00\" \/>\n<meta property=\"og:image\" content=\"https:\/\/coopmourabarrancos.com\/wp-content\/uploads\/2024\/06\/banner-cooperativa-moura-barrancos.png\" \/>\n\t<meta property=\"og:image:width\" content=\"1200\" \/>\n\t<meta property=\"og:image:height\" content=\"675\" \/>\n\t<meta property=\"og:image:type\" content=\"image\/png\" \/>\n<meta name=\"twitter:card\" content=\"summary_large_image\" \/>\n<meta name=\"twitter:label1\" content=\"Est. reading time\" \/>\n\t<meta name=\"twitter:data1\" content=\"1 minute\" \/>\n<script type=\"application\/ld+json\" class=\"yoast-schema-graph\">{\"@context\":\"https:\/\/schema.org\",\"@graph\":[{\"@type\":\"WebPage\",\"@id\":\"https:\/\/coopmourabarrancos.com\/en\/locations\/\",\"url\":\"https:\/\/coopmourabarrancos.com\/en\/locations\/\",\"name\":\"Locations - Cooperativa Moura Barrancos\",\"isPartOf\":{\"@id\":\"https:\/\/coopmourabarrancos.com\/#website\"},\"datePublished\":\"2022-06-20T12:46:23+00:00\",\"dateModified\":\"2024-06-06T17:20:17+00:00\",\"breadcrumb\":{\"@id\":\"https:\/\/coopmourabarrancos.com\/en\/locations\/#breadcrumb\"},\"inLanguage\":\"en-US\",\"potentialAction\":[{\"@type\":\"ReadAction\",\"target\":[\"https:\/\/coopmourabarrancos.com\/en\/locations\/\"]}]},{\"@type\":\"BreadcrumbList\",\"@id\":\"https:\/\/coopmourabarrancos.com\/en\/locations\/#breadcrumb\",\"itemListElement\":[{\"@type\":\"ListItem\",\"position\":1,\"name\":\"In\u00edcio\",\"item\":\"https:\/\/coopmourabarrancos.com\/en\/\"},{\"@type\":\"ListItem\",\"position\":2,\"name\":\"Locations\"}]},{\"@type\":\"WebSite\",\"@id\":\"https:\/\/coopmourabarrancos.com\/#website\",\"url\":\"https:\/\/coopmourabarrancos.com\/\",\"name\":\"Cooperativa Agr\u00edcola de Moura e Barrancos\",\"description\":\"A Cooperativa Agr\u00edcola de Moura e Barrancos foi fundada em 1954, com a principal miss\u00e3o de dar resposta competitiva \u00e0s produ\u00e7\u00f5es de azeitona dos seus fundadores.\",\"publisher\":{\"@id\":\"https:\/\/coopmourabarrancos.com\/#organization\"},\"alternateName\":\"Cooperativa Moura Barrancos\",\"potentialAction\":[{\"@type\":\"SearchAction\",\"target\":{\"@type\":\"EntryPoint\",\"urlTemplate\":\"https:\/\/coopmourabarrancos.com\/?s={search_term_string}\"},\"query-input\":\"required name=search_term_string\"}],\"inLanguage\":\"en-US\"},{\"@type\":\"Organization\",\"@id\":\"https:\/\/coopmourabarrancos.com\/#organization\",\"name\":\"Cooperativa Agr\u00edcola de Moura e Barrancos\",\"alternateName\":\"Cooperativa Moura Barrancos\",\"url\":\"https:\/\/coopmourabarrancos.com\/\",\"logo\":{\"@type\":\"ImageObject\",\"inLanguage\":\"en-US\",\"@id\":\"https:\/\/coopmourabarrancos.com\/#\/schema\/logo\/image\/\",\"url\":\"https:\/\/dev.coopmourabarrancos.com\/wp-content\/uploads\/2021\/10\/Logo-CMB-03.png\",\"contentUrl\":\"https:\/\/dev.coopmourabarrancos.com\/wp-content\/uploads\/2021\/10\/Logo-CMB-03.png\",\"width\":334,\"height\":280,\"caption\":\"Cooperativa Agr\u00edcola de Moura e Barrancos\"},\"image\":{\"@id\":\"https:\/\/coopmourabarrancos.com\/#\/schema\/logo\/image\/\"},\"sameAs\":[\"https:\/\/www.facebook.com\/coopmourabarrancos\",\"https:\/\/www.linkedin.com\/company\/camb\/\",\"https:\/\/www.youtube.com\/@CoopMouraBarrancos\",\"https:\/\/www.instagram.com\/cooperativamourabarrancos\/\"]}]}<\/script>\n<!-- \/ Yoast SEO plugin. -->","yoast_head_json":{"title":"Locations - Cooperativa Moura Barrancos","robots":{"index":"index","follow":"follow","max-snippet":"max-snippet:-1","max-image-preview":"max-image-preview:large","max-video-preview":"max-video-preview:-1"},"canonical":"https:\/\/coopmourabarrancos.com\/en\/locations\/","og_locale":"en_US","og_type":"article","og_title":"Locations - Cooperativa Moura Barrancos","og_description":"Locations Posts Reception Reception desks Amareleja Address: Rua da Igreja Postal Code: 7885-034 Amareleja Telephone: 285 982 211 Email: amareleja@azeitemoura.pt","og_url":"https:\/\/coopmourabarrancos.com\/en\/locations\/","og_site_name":"Cooperativa Moura Barrancos","article_publisher":"https:\/\/www.facebook.com\/coopmourabarrancos","article_modified_time":"2024-06-06T17:20:17+00:00","og_image":[{"width":1200,"height":675,"url":"https:\/\/coopmourabarrancos.com\/wp-content\/uploads\/2024\/06\/banner-cooperativa-moura-barrancos.png","type":"image\/png"}],"twitter_card":"summary_large_image","twitter_misc":{"Est. reading time":"1 minute"},"schema":{"@context":"https:\/\/schema.org","@graph":[{"@type":"WebPage","@id":"https:\/\/coopmourabarrancos.com\/en\/locations\/","url":"https:\/\/coopmourabarrancos.com\/en\/locations\/","name":"Locations - Cooperativa Moura Barrancos","isPartOf":{"@id":"https:\/\/coopmourabarrancos.com\/#website"},"datePublished":"2022-06-20T12:46:23+00:00","dateModified":"2024-06-06T17:20:17+00:00","breadcrumb":{"@id":"https:\/\/coopmourabarrancos.com\/en\/locations\/#breadcrumb"},"inLanguage":"en-US","potentialAction":[{"@type":"ReadAction","target":["https:\/\/coopmourabarrancos.com\/en\/locations\/"]}]},{"@type":"BreadcrumbList","@id":"https:\/\/coopmourabarrancos.com\/en\/locations\/#breadcrumb","itemListElement":[{"@type":"ListItem","position":1,"name":"In\u00edcio","item":"https:\/\/coopmourabarrancos.com\/en\/"},{"@type":"ListItem","position":2,"name":"Locations"}]},{"@type":"WebSite","@id":"https:\/\/coopmourabarrancos.com\/#website","url":"https:\/\/coopmourabarrancos.com\/","name":"Cooperativa Agr\u00edcola de Moura e Barrancos","description":"A Cooperativa Agr\u00edcola de Moura e Barrancos foi fundada em 1954, com a principal miss\u00e3o de dar resposta competitiva \u00e0s produ\u00e7\u00f5es de azeitona dos seus fundadores.","publisher":{"@id":"https:\/\/coopmourabarrancos.com\/#organization"},"alternateName":"Cooperativa Moura Barrancos","potentialAction":[{"@type":"SearchAction","target":{"@type":"EntryPoint","urlTemplate":"https:\/\/coopmourabarrancos.com\/?s={search_term_string}"},"query-input":"required name=search_term_string"}],"inLanguage":"en-US"},{"@type":"Organization","@id":"https:\/\/coopmourabarrancos.com\/#organization","name":"Cooperativa Agr\u00edcola de Moura e Barrancos","alternateName":"Cooperativa Moura Barrancos","url":"https:\/\/coopmourabarrancos.com\/","logo":{"@type":"ImageObject","inLanguage":"en-US","@id":"https:\/\/coopmourabarrancos.com\/#\/schema\/logo\/image\/","url":"https:\/\/dev.coopmourabarrancos.com\/wp-content\/uploads\/2021\/10\/Logo-CMB-03.png","contentUrl":"https:\/\/dev.coopmourabarrancos.com\/wp-content\/uploads\/2021\/10\/Logo-CMB-03.png","width":334,"height":280,"caption":"Cooperativa Agr\u00edcola de Moura e Barrancos"},"image":{"@id":"https:\/\/coopmourabarrancos.com\/#\/schema\/logo\/image\/"},"sameAs":["https:\/\/www.facebook.com\/coopmourabarrancos","https:\/\/www.linkedin.com\/company\/camb\/","https:\/\/www.youtube.com\/@CoopMouraBarrancos","https:\/\/www.instagram.com\/cooperativamourabarrancos\/"]}]}},"_links":{"self":[{"href":"https:\/\/coopmourabarrancos.com\/en\/wp-json\/wp\/v2\/pages\/10717","targetHints":{"allow":["GET"]}}],"collection":[{"href":"https:\/\/coopmourabarrancos.com\/en\/wp-json\/wp\/v2\/pages"}],"about":[{"href":"https:\/\/coopmourabarrancos.com\/en\/wp-json\/wp\/v2\/types\/page"}],"author":[{"embeddable":true,"href":"https:\/\/coopmourabarrancos.com\/en\/wp-json\/wp\/v2\/users\/1"}],"replies":[{"embeddable":true,"href":"https:\/\/coopmourabarrancos.com\/en\/wp-json\/wp\/v2\/comments?post=10717"}],"version-history":[{"count":0,"href":"https:\/\/coopmourabarrancos.com\/en\/wp-json\/wp\/v2\/pages\/10717\/revisions"}],"wp:attachment":[{"href":"https:\/\/coopmourabarrancos.com\/en\/wp-json\/wp\/v2\/media?parent=10717"}],"curies":[{"name":"wp","href":"https:\/\/api.w.org\/{rel}","templated":true}]}}